{"id":11,"date":"2023-06-13T10:38:34","date_gmt":"2023-06-13T10:38:34","guid":{"rendered":"https:\/\/roomiahouse.com.tr\/?page_id=11"},"modified":"2025-07-27T12:49:47","modified_gmt":"2025-07-27T12:49:47","slug":"iletisim","status":"publish","type":"page","link":"https:\/\/roomiahouse.com.tr\/de\/iletisim\/","title":{"rendered":"Kontakt"},"content":{"rendered":"<p><img fetchpriority=\"high\" decoding=\"async\" width=\"500\" height=\"500\" src=\"https:\/\/roomiahouse.com.tr\/wp-content\/uploads\/2025\/05\/4.png\" alt=\"\" srcset=\"https:\/\/roomiahouse.com.tr\/wp-content\/uploads\/2025\/05\/4.png 500w, https:\/\/roomiahouse.com.tr\/wp-content\/uploads\/2025\/05\/4-300x300.png 300w, https:\/\/roomiahouse.com.tr\/wp-content\/uploads\/2025\/05\/4-150x150.png 150w, https:\/\/roomiahouse.com.tr\/wp-content\/uploads\/2025\/05\/4-75x75.png 75w, https:\/\/roomiahouse.com.tr\/wp-content\/uploads\/2025\/05\/4-480x480.png 480w\" sizes=\"(max-width:767px) 480px, 500px\" \/>\t\t\t\t\t\t\t\t\t\t\t\t\t\t\t<\/p>\n<h2>Kommen Sie Ihrem Wohntraum einen Schritt n\u00e4her.<\/h2>\n<h6>Jetzt anrufen<\/h6>\n<h2><a href=\"http:\/\/tel+905324731057\">+90 532 473 10 57<\/a><\/h2>\n<h5>Montag \u2013 Freitag: 08:00 \u2013 18:00<\/h5>\n<h5>Samstag \u2013 Sonntag: 09:00 \u2013 16:00<\/h5>\n<p>\t\t\t\t<a href=\"#contactForm\" tabindex=\"-1\" aria-label=\"Schreiben Sie uns\"><br \/>\n\t\t\t\t<svg aria-hidden=\"true\" viewbox=\"0 0 448 512\" xmlns=\"http:\/\/www.w3.org\/2000\/svg\"><path d=\"M413.1 222.5l22.2 22.2c9.4 9.4 9.4 24.6 0 33.9L241 473c-9.4 9.4-24.6 9.4-33.9 0L12.7 278.6c-9.4-9.4-9.4-24.6 0-33.9l22.2-22.2c9.5-9.5 25-9.3 34.3.4L184 343.4V56c0-13.3 10.7-24 24-24h32c13.3 0 24 10.7 24 24v287.4l114.8-120.5c9.3-9.8 24.8-10 34.3-.4z\"><\/path><\/svg>\t\t\t\t<\/a><\/p>\n<h6>\n\t\t\t\t\t\t<a href=\"#contactForm\" ><br \/>\n\t\t\t\t\t\t\tSchreiben Sie uns\t\t\t\t\t\t<\/a><br \/>\n\t\t\t\t\t<\/h6>\n<p>\n\t\t\t\t\t\tKONTAKTFORMULAR\t\t\t\t\t<\/p>\n<h6>Folgen Sie uns<\/h6>\n<p>\t\t\t\t\t<a href=\"https:\/\/www.instagram.com\/roomiahouse\/\" target=\"_blank\"><br \/>\n\t\t\t\t\t\tInstagram<br \/>\n\t\t\t\t\t\t<svg viewbox=\"0 0 448 512\" xmlns=\"http:\/\/www.w3.org\/2000\/svg\"><path d=\"M224.1 141c-63.6 0-114.9 51.3-114.9 114.9s51.3 114.9 114.9 114.9S339 319.5 339 255.9 287.7 141 224.1 141zm0 189.6c-41.1 0-74.7-33.5-74.7-74.7s33.5-74.7 74.7-74.7 74.7 33.5 74.7 74.7-33.6 74.7-74.7 74.7zm146.4-194.3c0 14.9-12 26.8-26.8 26.8-14.9 0-26.8-12-26.8-26.8s12-26.8 26.8-26.8 26.8 12 26.8 26.8zm76.1 27.2c-1.7-35.9-9.9-67.7-36.2-93.9-26.2-26.2-58-34.4-93.9-36.2-37-2.1-147.9-2.1-184.9 0-35.8 1.7-67.6 9.9-93.9 36.1s-34.4 58-36.2 93.9c-2.1 37-2.1 147.9 0 184.9 1.7 35.9 9.9 67.7 36.2 93.9s58 34.4 93.9 36.2c37 2.1 147.9 2.1 184.9 0 35.9-1.7 67.7-9.9 93.9-36.2 26.2-26.2 34.4-58 36.2-93.9 2.1-37 2.1-147.8 0-184.8zM398.8 388c-7.8 19.6-22.9 34.7-42.6 42.6-29.5 11.7-99.5 9-132.1 9s-102.7 2.6-132.1-9c-19.6-7.8-34.7-22.9-42.6-42.6-11.7-29.5-9-99.5-9-132.1s-2.6-102.7 9-132.1c7.8-19.6 22.9-34.7 42.6-42.6 29.5-11.7 99.5-9 132.1-9s102.7-2.6 132.1 9c19.6 7.8 34.7 22.9 42.6 42.6 11.7 29.5 9 99.5 9 132.1s2.7 102.7-9 132.1z\"><\/path><\/svg>\t\t\t\t\t<\/a><br \/>\n\t\t\t\t\t<a href=\"https:\/\/www.youtube.com\/@RoomiaHouse\" target=\"_blank\"><br \/>\n\t\t\t\t\t\tYoutube<br \/>\n\t\t\t\t\t\t<svg viewbox=\"0 0 576 512\" xmlns=\"http:\/\/www.w3.org\/2000\/svg\"><path d=\"M549.655 124.083c-6.281-23.65-24.787-42.276-48.284-48.597C458.781 64 288 64 288 64S117.22 64 74.629 75.486c-23.497 6.322-42.003 24.947-48.284 48.597-11.412 42.867-11.412 132.305-11.412 132.305s0 89.438 11.412 132.305c6.281 23.65 24.787 41.5 48.284 47.821C117.22 448 288 448 288 448s170.78 0 213.371-11.486c23.497-6.321 42.003-24.171 48.284-47.821 11.412-42.867 11.412-132.305 11.412-132.305s0-89.438-11.412-132.305zm-317.51 213.508V175.185l142.739 81.205-142.739 81.201z\"><\/path><\/svg>\t\t\t\t\t<\/a><\/p>\n<h6>Adresse<\/h6>\n<h4>Haskoy, Bursa Yolu Cd. 103\/2<br \/>\n16960 Mudanya\/Bursa<\/h4>\n<h6>E-Mail<\/h6>\n<h4><a href=\"mailto:info@roomiahouse.com.tr\">info@roomiahouse.com.tr<\/a><\/h4>\n<p>\t\t\t<iframe loading=\"lazy\"\n\t\t\t\t\tsrc=\"https:\/\/maps.google.com\/maps?q=Hask%C3%B6y%2C%20Bursa%20Yolu%20Cd.%20103%2F2%2016960%20Mudanya%2FBursa&#038;t=m&#038;z=11&#038;output=embed&#038;iwloc=near\"\n\t\t\t\t\ttitle=\"Hask\u00f6y, Bursa Yolu Cd. 103\/2 16960 Mudanya\/Bursa\"\n\t\t\t\t\taria-label=\"Hask\u00f6y, Bursa Yolu Cd. 103\/2 16960 Mudanya\/Bursa\"\n\t\t\t><\/iframe><\/p>\n<h2>Wie k\u00f6nnen wir Ihnen helfen?<\/h2>\n\n<div class=\"wpcf7 no-js\" id=\"wpcf7-f96-o1\" lang=\"en-US\" dir=\"ltr\" data-wpcf7-id=\"96\">\n<div class=\"screen-reader-response\"><p role=\"status\" aria-live=\"polite\" aria-atomic=\"true\"><\/p> <ul><\/ul><\/div>\n<form action=\"\/de\/wp-json\/wp\/v2\/pages\/11#wpcf7-f96-o1\" method=\"post\" class=\"wpcf7-form init\" aria-label=\"Contact form\" novalidate=\"novalidate\" data-status=\"init\" data-trp-original-action=\"\/de\/wp-json\/wp\/v2\/pages\/11#wpcf7-f96-o1\">\n<fieldset class=\"hidden-fields-container\"><input type=\"hidden\" name=\"_wpcf7\" value=\"96\" \/><input type=\"hidden\" name=\"_wpcf7_version\" value=\"6.1\" \/><input type=\"hidden\" name=\"_wpcf7_locale\" value=\"en_US\" \/><input type=\"hidden\" name=\"_wpcf7_unit_tag\" value=\"wpcf7-f96-o1\" \/><input type=\"hidden\" name=\"_wpcf7_container_post\" value=\"0\" \/><input type=\"hidden\" name=\"_wpcf7_posted_data_hash\" value=\"\" \/>\n<\/fieldset>\n<div class=\"column one\">\n\t<p><span class=\"wpcf7-form-control-wrap\" data-name=\"yourName\"><input size=\"40\" maxlength=\"400\" class=\"wpcf7-form-control wpcf7-text wpcf7-validates-as-required\" id=\"cf1-yourName\" aria-required=\"true\" aria-invalid=\"false\" placeholder=\"Ihr Name und Nachname\" value=\"\" type=\"text\" name=\"yourName\" \/><\/span>\n\t<\/p>\n<\/div>\n<div class=\"column one\">\n\t<p><span class=\"wpcf7-form-control-wrap\" data-name=\"yourMail\"><input size=\"40\" maxlength=\"400\" class=\"wpcf7-form-control wpcf7-text wpcf7-validates-as-required\" id=\"cf1-yourMail\" aria-required=\"true\" aria-invalid=\"false\" placeholder=\"Ihre E-Mail Adresse\" value=\"\" type=\"text\" name=\"yourMail\" \/><\/span>\n\t<\/p>\n<\/div>\n<div class=\"column one\">\n\t<p><span class=\"wpcf7-form-control-wrap\" data-name=\"yourPhone\"><input size=\"40\" maxlength=\"400\" class=\"wpcf7-form-control wpcf7-tel wpcf7-validates-as-required wpcf7-text wpcf7-validates-as-tel\" id=\"cf1-yourPhone\" aria-required=\"true\" aria-invalid=\"false\" placeholder=\"Ihre Telefonnummer\" value=\"\" type=\"tel\" name=\"yourPhone\" \/><\/span>\n\t<\/p>\n<\/div>\n<div class=\"column one\">\n\t<p><span class=\"wpcf7-form-control-wrap\" data-name=\"yourMessage\"><textarea cols=\"40\" rows=\"3\" maxlength=\"2000\" class=\"wpcf7-form-control wpcf7-textarea\" id=\"cf1-yourMessage\" aria-invalid=\"false\" placeholder=\"Ihre Nachricht...\" name=\"yourMessage\"><\/textarea><\/span>\n\t<\/p>\n<\/div>\n<div class=\"column one\">\n\t<p><input class=\"wpcf7-form-control wpcf7-submit has-spinner\" type=\"submit\" value=\"SENDEN\" \/>\n\t<\/p>\n<\/div><p style=\"display: none !important;\" class=\"akismet-fields-container\" data-prefix=\"_wpcf7_ak_\"><label>\u0394<textarea name=\"_wpcf7_ak_hp_textarea\" cols=\"45\" rows=\"8\" maxlength=\"100\"><\/textarea><\/label><input type=\"hidden\" id=\"ak_js_1\" name=\"_wpcf7_ak_js\" value=\"27\"\/><script>document.getElementById( \"ak_js_1\" ).setAttribute( \"value\", ( new Date() ).getTime() );<\/script><\/p><div class=\"wpcf7-response-output\" aria-hidden=\"true\"><\/div>\n<input type=\"hidden\" name=\"trp-form-language\" value=\"de\"\/><\/form>\n<\/div>","protected":false},"excerpt":{"rendered":"<p>Hayalinizdeki ya\u015fam alan\u0131na bir ad\u0131m daha yakla\u015f\u0131n. \u015eimdi Ara +90 532 473 10 57 Pazartesi &#8211; Cuma: 08:00 &#8211; 18:00 Cumartesi &#8211; Pazar:09:00 &#8211; 16:00 Bize<span class=\"excerpt-hellip\"> [\u2026]<\/span><\/p>\n","protected":false},"author":1,"featured_media":0,"parent":0,"menu_order":0,"comment_status":"closed","ping_status":"closed","template":"","meta":{"footnotes":""},"class_list":["post-11","page","type-page","status-publish","hentry"],"_links":{"self":[{"href":"https:\/\/roomiahouse.com.tr\/de\/wp-json\/wp\/v2\/pages\/11","targetHints":{"allow":["GET"]}}],"collection":[{"href":"https:\/\/roomiahouse.com.tr\/de\/wp-json\/wp\/v2\/pages"}],"about":[{"href":"https:\/\/roomiahouse.com.tr\/de\/wp-json\/wp\/v2\/types\/page"}],"author":[{"embeddable":true,"href":"https:\/\/roomiahouse.com.tr\/de\/wp-json\/wp\/v2\/users\/1"}],"replies":[{"embeddable":true,"href":"https:\/\/roomiahouse.com.tr\/de\/wp-json\/wp\/v2\/comments?post=11"}],"version-history":[{"count":5,"href":"https:\/\/roomiahouse.com.tr\/de\/wp-json\/wp\/v2\/pages\/11\/revisions"}],"predecessor-version":[{"id":669,"href":"https:\/\/roomiahouse.com.tr\/de\/wp-json\/wp\/v2\/pages\/11\/revisions\/669"}],"wp:attachment":[{"href":"https:\/\/roomiahouse.com.tr\/de\/wp-json\/wp\/v2\/media?parent=11"}],"curies":[{"name":"wp","href":"https:\/\/api.w.org\/{rel}","templated":true}]}}