{"id":98,"date":"2023-06-13T10:37:16","date_gmt":"2023-06-13T10:37:16","guid":{"rendered":"https:\/\/roomiahouse.com.tr\/?page_id=5"},"modified":"2025-08-14T14:11:49","modified_gmt":"2025-08-14T14:11:49","slug":"urun-secenekleri","status":"publish","type":"page","link":"https:\/\/roomiahouse.com.tr\/ar\/urun-secenekleri\/","title":{"rendered":"\u062e\u064a\u0627\u0631\u0627\u062a \u0627\u0644\u0645\u0646\u062a\u062c"},"content":{"rendered":"<div data-elementor-type=\"wp-page\" data-elementor-id=\"98\" class=\"elementor elementor-98\" data-elementor-post-type=\"page\">\n\t\t\t\t\t\t<section class=\"elementor-section elementor-top-section elementor-element elementor-element-29fdcca elementor-section-full_width elementor-section-stretched elementor-section-height-default elementor-section-height-default\" data-id=\"29fdcca\" data-element_type=\"section\" data-e-type=\"section\" data-settings=\"{&quot;stretch_section&quot;:&quot;section-stretched&quot;,&quot;background_background&quot;:&quot;classic&quot;}\">\n\t\t\t\t\t\t\t<div class=\"elementor-background-overlay\"><\/div>\n\t\t\t\t\t\t\t<div class=\"elementor-container elementor-column-gap-no\">\n\t\t\t\t\t<div class=\"elementor-column elementor-col-100 elementor-top-column elementor-element elementor-element-5eb2b8d\" data-id=\"5eb2b8d\" data-element_type=\"column\" data-e-type=\"column\">\n\t\t\t<div class=\"elementor-widget-wrap elementor-element-populated\">\n\t\t\t\t\t\t<section class=\"elementor-section elementor-inner-section elementor-element elementor-element-a0b9e6b elementor-section-full_width elementor-section-height-default elementor-section-height-default\" data-id=\"a0b9e6b\" data-element_type=\"section\" data-e-type=\"section\">\n\t\t\t\t\t\t<div class=\"elementor-container elementor-column-gap-default\">\n\t\t\t\t\t<div class=\"elementor-column elementor-col-50 elementor-inner-column elementor-element elementor-element-d421165\" data-id=\"d421165\" data-element_type=\"column\" data-e-type=\"column\" data-settings=\"{&quot;background_background&quot;:&quot;classic&quot;}\">\n\t\t\t<div class=\"elementor-widget-wrap elementor-element-populated\">\n\t\t\t\t\t\t<div class=\"elementor-element elementor-element-aa8cbb9 elementor-widget elementor-widget-image\" data-id=\"aa8cbb9\" data-element_type=\"widget\" data-e-type=\"widget\" data-widget_type=\"image.default\">\n\t\t\t\t<div class=\"elementor-widget-container\">\n\t\t\t\t\t\t\t\t\t\t\t\t\t\t\t<img fetchpriority=\"high\" decoding=\"async\" width=\"500\" height=\"500\" src=\"https:\/\/roomiahouse.com.tr\/wp-content\/uploads\/2025\/05\/2.png\" class=\"attachment-large size-large wp-image-117\" alt=\"\" srcset=\"https:\/\/roomiahouse.com.tr\/wp-content\/uploads\/2025\/05\/2.png 500w, https:\/\/roomiahouse.com.tr\/wp-content\/uploads\/2025\/05\/2-300x300.png 300w, https:\/\/roomiahouse.com.tr\/wp-content\/uploads\/2025\/05\/2-150x150.png 150w, https:\/\/roomiahouse.com.tr\/wp-content\/uploads\/2025\/05\/2-75x75.png 75w, https:\/\/roomiahouse.com.tr\/wp-content\/uploads\/2025\/05\/2-480x480.png 480w\" sizes=\"(max-width:767px) 480px, 500px\" \/>\t\t\t\t\t\t\t\t\t\t\t\t\t\t\t<\/div>\n\t\t\t\t<\/div>\n\t\t\t\t<div class=\"elementor-element elementor-element-704027f elementor-widget elementor-widget-heading\" data-id=\"704027f\" data-element_type=\"widget\" data-e-type=\"widget\" data-widget_type=\"heading.default\">\n\t\t\t\t<div class=\"elementor-widget-container\">\n\t\t\t\t\t<h2 class=\"elementor-heading-title elementor-size-default\"><span style=\"color:#D94D20\">\u0645\u0646\u0627\u0633\u0628 \u0644\u0643  <\/span><br> \u0645\u0635\u0645\u0645\u0629 \u0645\u0639 \u062e\u064a\u0627\u0631\u0627\u062a<\/h2>\t\t\t\t<\/div>\n\t\t\t\t<\/div>\n\t\t\t\t\t<\/div>\n\t\t<\/div>\n\t\t\t\t<div class=\"elementor-column elementor-col-50 elementor-inner-column elementor-element elementor-element-53ab997\" data-id=\"53ab997\" data-element_type=\"column\" data-e-type=\"column\">\n\t\t\t<div class=\"elementor-widget-wrap\">\n\t\t\t\t\t\t\t<\/div>\n\t\t<\/div>\n\t\t\t\t\t<\/div>\n\t\t<\/section>\n\t\t\t\t\t<\/div>\n\t\t<\/div>\n\t\t\t\t\t<\/div>\n\t\t<\/section>\n\t\t\t\t<section class=\"elementor-section elementor-top-section elementor-element elementor-element-cbed458 elementor-section-stretched elementor-section-boxed elementor-section-height-default elementor-section-height-default\" data-id=\"cbed458\" data-element_type=\"section\" data-e-type=\"section\" data-settings=\"{&quot;stretch_section&quot;:&quot;section-stretched&quot;}\">\n\t\t\t\t\t\t<div class=\"elementor-container elementor-column-gap-wider\">\n\t\t\t\t\t<div class=\"elementor-column elementor-col-100 elementor-top-column elementor-element elementor-element-d33655d\" data-id=\"d33655d\" data-element_type=\"column\" data-e-type=\"column\">\n\t\t\t<div class=\"elementor-widget-wrap elementor-element-populated\">\n\t\t\t\t\t\t<section class=\"elementor-section elementor-inner-section elementor-element elementor-element-cd5018a elementor-section-boxed elementor-section-height-default elementor-section-height-default\" data-id=\"cd5018a\" data-element_type=\"section\" data-e-type=\"section\">\n\t\t\t\t\t\t<div class=\"elementor-container elementor-column-gap-default\">\n\t\t\t\t\t<div class=\"elementor-column elementor-col-100 elementor-inner-column elementor-element elementor-element-7a9f4a9\" data-id=\"7a9f4a9\" data-element_type=\"column\" data-e-type=\"column\">\n\t\t\t<div class=\"elementor-widget-wrap elementor-element-populated\">\n\t\t\t\t\t\t<div class=\"elementor-element elementor-element-ce60cfe elementor-widget elementor-widget-heading\" data-id=\"ce60cfe\" data-element_type=\"widget\" data-e-type=\"widget\" data-widget_type=\"heading.default\">\n\t\t\t\t<div class=\"elementor-widget-container\">\n\t\t\t\t\t<h2 class=\"elementor-heading-title elementor-size-default\">\u064a\u062e\u062a\u0644\u0641 \u0643\u0644 \u0645\u0634\u0631\u0648\u0639 \u0639\u0646 \u0627\u0644\u0622\u062e\u0631\u061b \u062d\u064a\u062b \u062a\u0639\u0645\u0644 \u0631\u0648\u0645\u064a\u0627 \u0639\u0644\u0649 \u062a\u0643\u064a\u064a\u0641 \u0643\u0644 \u0645\u0628\u0646\u0649 \u0645\u0639 \u0639\u0627\u0644\u0645\u0643.<\/h2>\t\t\t\t<\/div>\n\t\t\t\t<\/div>\n\t\t\t\t<div class=\"elementor-element elementor-element-a8bab21 elementor-widget elementor-widget-text-editor\" data-id=\"a8bab21\" data-element_type=\"widget\" data-e-type=\"widget\" data-widget_type=\"text-editor.default\">\n\t\t\t\t<div class=\"elementor-widget-container\">\n\t\t\t\t\t\t\t\t\t<p data-start=\"160\" data-end=\"445\">\u062a\u0648\u0641\u0631 \u0644\u0643 \u0628\u064a\u0648\u062a \u0631\u0648\u0645\u064a\u0627 \u0647\u0627\u0648\u0633 \u0627\u0644\u0641\u0631\u064a\u062f\u0629 \u0645\u0646 \u0646\u0648\u0639\u0647\u0627 \u0645\u0646 \u0631\u0648\u0645\u064a\u0627 \u0647\u0627\u0648\u0633 \u062d\u0631\u064a\u0629 \u062a\u062d\u062f\u064a\u062f \u062d\u062f\u0648\u062f \u0645\u0633\u0627\u062d\u0629 \u0645\u0639\u064a\u0634\u062a\u0643. \u0645\u0639 \u0627\u0644\u0623\u062d\u062c\u0627\u0645 \u0627\u0644\u0642\u064a\u0627\u0633\u064a\u0629 \u0627\u0644\u062a\u064a \u064a\u0628\u0644\u063a \u0642\u0637\u0631\u0647\u0627 6 \u06487 \u06488 \u0623\u0645\u062a\u0627\u0631\u060c \u0628\u0627\u0644\u0625\u0636\u0627\u0641\u0629 \u0625\u0644\u0649 \u0627\u0644\u0647\u064a\u0627\u0643\u0644 \u0627\u0644\u0642\u0627\u0628\u0644\u0629 \u0644\u0644\u062a\u0648\u0633\u064a\u0639 \u062d\u062a\u0649 15 \u0645\u062a\u0631\u0627\u064b\u060c \u064a\u0645\u0643\u0646\u0643 \u0625\u0646\u0634\u0627\u0621 \u0645\u0644\u0627\u0630 \u0634\u062e\u0635\u064a \u0635\u063a\u064a\u0631 \u0623\u0648 \u0645\u0633\u0627\u062d\u0629 \u0627\u062c\u062a\u0645\u0627\u0639\u064a\u0629 \u0643\u0628\u064a\u0631\u0629.<\/p><p data-start=\"447\" data-end=\"617\">\u0627\u0644\u062a\u0641\u0636\u064a\u0644\u0627\u062a \u0627\u0644\u062c\u0645\u0627\u0644\u064a\u0629 \u062a\u0628\u062f\u0623 \u0645\u0639\u0643. \u0645\u0639 \u062e\u064a\u0627\u0631\u0627\u062a \u0627\u0644\u0637\u0644\u0627\u0621 \u0648\u0627\u0644\u0637\u0644\u0627\u0621 \u0627\u0644\u0645\u062e\u062a\u0644\u0641\u0629 \u0627\u0644\u062a\u064a \u0646\u0642\u062f\u0645\u0647\u0627 \u0645\u0646 \u0627\u0644\u0623\u0644\u0648\u0627\u0646 \u0627\u0644\u0637\u0628\u064a\u0639\u064a\u0629 \u0625\u0644\u0649 \u0627\u0644\u0623\u0644\u0648\u0627\u0646 \u0627\u0644\u062d\u062f\u064a\u062b\u0629\u060c \u0633\u064a\u0643\u0648\u0646 \u0645\u0628\u0646\u0627\u0643 \u0645\u062a\u0646\u0627\u063a\u0645\u0627\u064b \u0645\u0639 \u0645\u062d\u064a\u0637\u0647 \u0648\u0641\u0631\u064a\u062f\u0627\u064b \u0645\u0646 \u0646\u0648\u0639\u0647 \u0628\u0645\u0627 \u064a\u062a\u0646\u0627\u0633\u0628 \u0645\u0639 \u0623\u0633\u0644\u0648\u0628\u0643.<\/p><p data-start=\"619\" data-end=\"795\">\u062a\u0642\u062f\u0645 \u0645\u0646\u0627\u0632\u0644 \u0628\u0627\u0646\u063a\u0648\u0644\u064a\u0646 \u062d\u0644\u0648\u0644\u0627\u064b \u0641\u0631\u064a\u062f\u0629 \u0645\u0646 \u0646\u0648\u0639\u0647\u0627 \u0644\u064a\u0633 \u0641\u0642\u0637 \u0643\u0645\u0633\u0627\u0643\u0646 \u0648\u0644\u0643\u0646 \u0623\u064a\u0636\u0627\u064b \u0641\u064a \u0648\u0638\u0627\u0626\u0641 \u0645\u062e\u062a\u0644\u0641\u0629 \u0645\u062b\u0644 \u063a\u0631\u0641 \u0627\u0644\u0641\u0646\u0627\u062f\u0642 \u0627\u0644\u0628\u0648\u062a\u064a\u0643 \u0623\u0648 \u0627\u0633\u062a\u0648\u062f\u064a\u0648\u0647\u0627\u062a \u0627\u0644\u064a\u0648\u063a\u0627 \u0623\u0648 \u0627\u0644\u0645\u0637\u0627\u0639\u0645 \u0623\u0648 \u0627\u0644\u0645\u0642\u0627\u0647\u064a \u0623\u0648 \u0635\u0627\u0644\u0627\u062a \u0627\u0644\u0639\u0631\u0636 \u0623\u0648 \u0623\u0645\u0627\u0643\u0646 \u0625\u0642\u0627\u0645\u0629 \u0627\u0644\u0641\u0639\u0627\u0644\u064a\u0627\u062a.<\/p>\t\t\t\t\t\t\t\t<\/div>\n\t\t\t\t<\/div>\n\t\t\t\t\t<\/div>\n\t\t<\/div>\n\t\t\t\t\t<\/div>\n\t\t<\/section>\n\t\t\t\t\t<\/div>\n\t\t<\/div>\n\t\t\t\t\t<\/div>\n\t\t<\/section>\n\t\t\t\t<section class=\"elementor-section elementor-top-section elementor-element elementor-element-887d0e2 elementor-section-full_width elementor-section-stretched elementor-section-height-default elementor-section-height-default\" data-id=\"887d0e2\" data-element_type=\"section\" data-e-type=\"section\" data-settings=\"{&quot;stretch_section&quot;:&quot;section-stretched&quot;}\">\n\t\t\t\t\t\t<div class=\"elementor-container elementor-column-gap-no\">\n\t\t\t\t\t<div class=\"elementor-column elementor-col-33 elementor-top-column elementor-element elementor-element-e7991d6\" data-id=\"e7991d6\" data-element_type=\"column\" data-e-type=\"column\" data-settings=\"{&quot;background_background&quot;:&quot;classic&quot;}\">\n\t\t\t<div class=\"elementor-widget-wrap elementor-element-populated\">\n\t\t\t\t\t\t<div class=\"elementor-element elementor-element-017eb4d elementor-widget elementor-widget-mfn_hover_color\" data-id=\"017eb4d\" data-element_type=\"widget\" data-e-type=\"widget\" data-widget_type=\"mfn_hover_color.default\">\n\t\t\t\t<div class=\"elementor-widget-container\">\n\t\t\t\t\t<div class=\"hover_color align_\" style=\"background-color:;border-color:;\"><div class=\"hover_color_bg\" style=\"background-color:;border-color:;border-width:2px;\"><a href=\"https:\/\/roomiahouse.com.tr\/ar\/portfolio-item\/boyut\/\" class=\"\"   title=\"\"><div class=\"hover_color_wrapper\" style=\"padding:120px 0;\"><h6>\u00a0<\/h6><h3><span style=\"color: #f8f8ff;\">\u0627\u0644\u062d\u062c\u0645 <br \/>\u0627\u0644\u062e\u064a\u0627\u0631\u0627\u062a<\/span><\/h3><h6><span style=\"color: #f8f8ff;\"><br \/>\u0627\u0644\u0627\u0643\u062a\u0634\u0627\u0641<\/span><\/h6><\/div><\/a><\/div>\n<\/div>\n\t\t\t\t<\/div>\n\t\t\t\t<\/div>\n\t\t\t\t\t<\/div>\n\t\t<\/div>\n\t\t\t\t<div class=\"elementor-column elementor-col-33 elementor-top-column elementor-element elementor-element-0ce921d\" data-id=\"0ce921d\" data-element_type=\"column\" data-e-type=\"column\" data-settings=\"{&quot;background_background&quot;:&quot;classic&quot;}\">\n\t\t\t<div class=\"elementor-widget-wrap elementor-element-populated\">\n\t\t\t\t\t\t<div class=\"elementor-element elementor-element-6813ecc elementor-widget elementor-widget-mfn_hover_color\" data-id=\"6813ecc\" data-element_type=\"widget\" data-e-type=\"widget\" data-widget_type=\"mfn_hover_color.default\">\n\t\t\t\t<div class=\"elementor-widget-container\">\n\t\t\t\t\t<div class=\"hover_color align_\" style=\"background-color:;border-color:;\"><div class=\"hover_color_bg\" style=\"background-color:;border-color:;border-width:2px;\"><a href=\"https:\/\/roomiahouse.com.tr\/ar\/portfolio-item\/renk\/\" class=\"\"   title=\"\"><div class=\"hover_color_wrapper\" style=\"padding:120px 0;\"><h6>\u00a0<\/h6><h3><span style=\"color: #f8f8ff;\">\u0627\u0644\u0623\u0644\u0648\u0627\u0646 <br \/>\u0627\u0644\u062e\u064a\u0627\u0631\u0627\u062a<\/span><\/h3><h6><span style=\"color: #f8f8ff;\"><br \/>\u0627\u0644\u0627\u0643\u062a\u0634\u0627\u0641<\/span><\/h6><\/div><\/a><\/div>\n<\/div>\n\t\t\t\t<\/div>\n\t\t\t\t<\/div>\n\t\t\t\t\t<\/div>\n\t\t<\/div>\n\t\t\t\t<div class=\"elementor-column elementor-col-33 elementor-top-column elementor-element elementor-element-123158e\" data-id=\"123158e\" data-element_type=\"column\" data-e-type=\"column\" data-settings=\"{&quot;background_background&quot;:&quot;classic&quot;}\">\n\t\t\t<div class=\"elementor-widget-wrap elementor-element-populated\">\n\t\t\t\t\t\t<div class=\"elementor-element elementor-element-482af66 elementor-widget elementor-widget-mfn_hover_color\" data-id=\"482af66\" data-element_type=\"widget\" data-e-type=\"widget\" data-widget_type=\"mfn_hover_color.default\">\n\t\t\t\t<div class=\"elementor-widget-container\">\n\t\t\t\t\t<div class=\"hover_color align_\" style=\"background-color:;border-color:;\"><div class=\"hover_color_bg\" style=\"background-color:;border-color:;border-width:2px;\"><a href=\"https:\/\/roomiahouse.com.tr\/ar\/portfolio-item\/islev\/\" class=\"\"   title=\"\"><div class=\"hover_color_wrapper\" style=\"padding:120px 0;\"><h6><\/h6>\n<h3><span style=\"color: #f8f8ff;\">\u0627\u0644\u062a\u0637\u0628\u064a\u0642 <br>\u0627\u0644\u062d\u0642\u0648\u0644<\/span><\/h3>\n<h6><span style=\"color: #f8f8ff;\">\n\u0627\u0644\u0627\u0643\u062a\u0634\u0627\u0641<\/span><\/h6><\/div><\/a><\/div>\n<\/div>\n\t\t\t\t<\/div>\n\t\t\t\t<\/div>\n\t\t\t\t\t<\/div>\n\t\t<\/div>\n\t\t\t\t\t<\/div>\n\t\t<\/section>\n\t\t\t\t<section class=\"elementor-section elementor-top-section elementor-element elementor-element-373f791 elementor-section-stretched elementor-section-boxed elementor-section-height-default elementor-section-height-default\" data-id=\"373f791\" data-element_type=\"section\" data-e-type=\"section\" data-settings=\"{&quot;stretch_section&quot;:&quot;section-stretched&quot;,&quot;background_background&quot;:&quot;classic&quot;}\">\n\t\t\t\t\t\t<div class=\"elementor-container elementor-column-gap-no\">\n\t\t\t\t\t<div class=\"elementor-column elementor-col-100 elementor-top-column elementor-element elementor-element-48c953e\" data-id=\"48c953e\" data-element_type=\"column\" data-e-type=\"column\">\n\t\t\t<div class=\"elementor-widget-wrap elementor-element-populated\">\n\t\t\t\t\t\t<section class=\"elementor-section elementor-inner-section elementor-element elementor-element-4e19986 elementor-reverse-mobile elementor-section-boxed elementor-section-height-default elementor-section-height-default\" data-id=\"4e19986\" data-element_type=\"section\" data-e-type=\"section\">\n\t\t\t\t\t\t<div class=\"elementor-container elementor-column-gap-default\">\n\t\t\t\t\t<div class=\"elementor-column elementor-col-50 elementor-inner-column elementor-element elementor-element-2081744\" data-id=\"2081744\" data-element_type=\"column\" data-e-type=\"column\">\n\t\t\t<div class=\"elementor-widget-wrap elementor-element-populated\">\n\t\t\t\t\t\t<div class=\"elementor-element elementor-element-1f515ee elementor-widget elementor-widget-image\" data-id=\"1f515ee\" data-element_type=\"widget\" data-e-type=\"widget\" data-widget_type=\"image.default\">\n\t\t\t\t<div class=\"elementor-widget-container\">\n\t\t\t\t\t\t\t\t\t\t\t\t\t\t\t<img fetchpriority=\"high\" decoding=\"async\" width=\"500\" height=\"500\" src=\"https:\/\/roomiahouse.com.tr\/wp-content\/uploads\/2025\/05\/2.png\" class=\"attachment-large size-large wp-image-117\" alt=\"\" srcset=\"https:\/\/roomiahouse.com.tr\/wp-content\/uploads\/2025\/05\/2.png 500w, https:\/\/roomiahouse.com.tr\/wp-content\/uploads\/2025\/05\/2-300x300.png 300w, https:\/\/roomiahouse.com.tr\/wp-content\/uploads\/2025\/05\/2-150x150.png 150w, https:\/\/roomiahouse.com.tr\/wp-content\/uploads\/2025\/05\/2-75x75.png 75w, https:\/\/roomiahouse.com.tr\/wp-content\/uploads\/2025\/05\/2-480x480.png 480w\" sizes=\"(max-width:767px) 480px, 500px\" \/>\t\t\t\t\t\t\t\t\t\t\t\t\t\t\t<\/div>\n\t\t\t\t<\/div>\n\t\t\t\t<div class=\"elementor-element elementor-element-f395b79 elementor-widget elementor-widget-heading\" data-id=\"f395b79\" data-element_type=\"widget\" data-e-type=\"widget\" data-widget_type=\"heading.default\">\n\t\t\t\t<div class=\"elementor-widget-container\">\n\t\t\t\t\t<h2 class=\"elementor-heading-title elementor-size-default\">\u062d\u064a\u0627\u062a\u0643 \u0627\u0644\u0637\u0628\u064a\u0639\u064a\u0629 \u0627\u0644\u062a\u064a \u062a\u062d\u0644\u0645 \u0628\u0647\u0627 \u062a\u0628\u062f\u0623 \u0645\u0646 \u0647\u0646\u0627.<\/h2>\t\t\t\t<\/div>\n\t\t\t\t<\/div>\n\t\t\t\t<div class=\"elementor-element elementor-element-19a0e7e elementor-widget elementor-widget-button\" data-id=\"19a0e7e\" data-element_type=\"widget\" data-e-type=\"widget\" data-widget_type=\"button.default\">\n\t\t\t\t<div class=\"elementor-widget-container\">\n\t\t\t\t\t\t\t\t\t<div class=\"elementor-button-wrapper\">\n\t\t\t\t\t<a class=\"elementor-button elementor-button-link elementor-size-sm\" href=\"https:\/\/roomiahouse.com.tr\/ar\/projeler\/\">\n\t\t\t\t\t\t<span class=\"elementor-button-content-wrapper\">\n\t\t\t\t\t\t\t\t\t<span class=\"elementor-button-text\">\u0627\u0633\u062a\u0643\u0634\u0641 \u0627\u0644\u0645\u0634\u0627\u0631\u064a\u0639<\/span>\n\t\t\t\t\t<\/span>\n\t\t\t\t\t<\/a>\n\t\t\t\t<\/div>\n\t\t\t\t\t\t\t\t<\/div>\n\t\t\t\t<\/div>\n\t\t\t\t\t<\/div>\n\t\t<\/div>\n\t\t\t\t<div class=\"elementor-column elementor-col-50 elementor-inner-column elementor-element elementor-element-de6d0fc\" data-id=\"de6d0fc\" data-element_type=\"column\" data-e-type=\"column\" data-settings=\"{&quot;background_background&quot;:&quot;classic&quot;}\">\n\t\t\t<div class=\"elementor-widget-wrap elementor-element-populated\">\n\t\t\t\t\t\t<div class=\"elementor-element elementor-element-724344e elementor-widget-tablet__width-initial elementor-widget elementor-widget-image\" data-id=\"724344e\" data-element_type=\"widget\" data-e-type=\"widget\" data-widget_type=\"image.default\">\n\t\t\t\t<div class=\"elementor-widget-container\">\n\t\t\t\t\t\t\t\t\t\t\t\t\t\t\t<img decoding=\"async\" width=\"375\" height=\"375\" src=\"https:\/\/roomiahouse.com.tr\/wp-content\/uploads\/2021\/07\/roomia-prj.png\" class=\"attachment-full size-full wp-image-237\" alt=\"\" srcset=\"https:\/\/roomiahouse.com.tr\/wp-content\/uploads\/2021\/07\/roomia-prj.png 375w, https:\/\/roomiahouse.com.tr\/wp-content\/uploads\/2021\/07\/roomia-prj-300x300.png 300w, https:\/\/roomiahouse.com.tr\/wp-content\/uploads\/2021\/07\/roomia-prj-150x150.png 150w, https:\/\/roomiahouse.com.tr\/wp-content\/uploads\/2021\/07\/roomia-prj-75x75.png 75w\" sizes=\"(max-width:767px) 375px, 375px\" \/>\t\t\t\t\t\t\t\t\t\t\t\t\t\t\t<\/div>\n\t\t\t\t<\/div>\n\t\t\t\t\t<\/div>\n\t\t<\/div>\n\t\t\t\t\t<\/div>\n\t\t<\/section>\n\t\t\t\t\t<\/div>\n\t\t<\/div>\n\t\t\t\t\t<\/div>\n\t\t<\/section>\n\t\t\t\t<\/div>","protected":false},"excerpt":{"rendered":"<p>Size Uygun Se\u00e7eneklerle Tasarland\u0131 Her proje farkl\u0131d\u0131r; Roomia, her yap\u0131y\u0131 sizin d\u00fcnyan\u0131za g\u00f6re uyarlar. Roomia House\u2019un \u00f6zg\u00fcn Pangolin evleri, ya\u015fam alan\u0131n\u0131z\u0131n s\u0131n\u0131rlar\u0131n\u0131 belirleme \u00f6zg\u00fcrl\u00fc\u011f\u00fc sunar. 6,<span class=\"excerpt-hellip\"> [\u2026]<\/span><\/p>\n","protected":false},"author":1,"featured_media":0,"parent":0,"menu_order":0,"comment_status":"closed","ping_status":"closed","template":"","meta":{"footnotes":""},"class_list":["post-98","page","type-page","status-publish","hentry"],"_links":{"self":[{"href":"https:\/\/roomiahouse.com.tr\/ar\/wp-json\/wp\/v2\/pages\/98","targetHints":{"allow":["GET"]}}],"collection":[{"href":"https:\/\/roomiahouse.com.tr\/ar\/wp-json\/wp\/v2\/pages"}],"about":[{"href":"https:\/\/roomiahouse.com.tr\/ar\/wp-json\/wp\/v2\/types\/page"}],"author":[{"embeddable":true,"href":"https:\/\/roomiahouse.com.tr\/ar\/wp-json\/wp\/v2\/users\/1"}],"replies":[{"embeddable":true,"href":"https:\/\/roomiahouse.com.tr\/ar\/wp-json\/wp\/v2\/comments?post=98"}],"version-history":[{"count":17,"href":"https:\/\/roomiahouse.com.tr\/ar\/wp-json\/wp\/v2\/pages\/98\/revisions"}],"predecessor-version":[{"id":717,"href":"https:\/\/roomiahouse.com.tr\/ar\/wp-json\/wp\/v2\/pages\/98\/revisions\/717"}],"wp:attachment":[{"href":"https:\/\/roomiahouse.com.tr\/ar\/wp-json\/wp\/v2\/media?parent=98"}],"curies":[{"name":"wp","href":"https:\/\/api.w.org\/{rel}","templated":true}]}}