{"id":623,"date":"2025-07-26T14:33:57","date_gmt":"2025-07-26T14:33:57","guid":{"rendered":"https:\/\/roomiahouse.com.tr\/?page_id=623"},"modified":"2025-07-27T13:47:47","modified_gmt":"2025-07-27T13:47:47","slug":"tamamlanan-projeler","status":"publish","type":"page","link":"https:\/\/roomiahouse.com.tr\/ar\/tamamlanan-projeler\/","title":{"rendered":"\u0627\u0644\u0645\u0634\u0627\u0631\u064a\u0639 \u0627\u0644\u0645\u0646\u062c\u0632\u0629"},"content":{"rendered":"<div data-elementor-type=\"wp-page\" data-elementor-id=\"623\" class=\"elementor elementor-623\" data-elementor-post-type=\"page\">\n\t\t\t\t\t\t<section class=\"elementor-section elementor-top-section elementor-element elementor-element-68e10fc elementor-section-full_width elementor-section-stretched elementor-section-height-default elementor-section-height-default\" data-id=\"68e10fc\" data-element_type=\"section\" data-e-type=\"section\" data-settings=\"{&quot;stretch_section&quot;:&quot;section-stretched&quot;,&quot;background_background&quot;:&quot;classic&quot;}\">\n\t\t\t\t\t\t\t<div class=\"elementor-background-overlay\"><\/div>\n\t\t\t\t\t\t\t<div class=\"elementor-container elementor-column-gap-no\">\n\t\t\t\t\t<div class=\"elementor-column elementor-col-100 elementor-top-column elementor-element elementor-element-a4384f8\" data-id=\"a4384f8\" data-element_type=\"column\" data-e-type=\"column\">\n\t\t\t<div class=\"elementor-widget-wrap elementor-element-populated\">\n\t\t\t\t\t\t<section class=\"elementor-section elementor-inner-section elementor-element elementor-element-bffeb34 elementor-section-full_width elementor-section-height-default elementor-section-height-default\" data-id=\"bffeb34\" data-element_type=\"section\" data-e-type=\"section\">\n\t\t\t\t\t\t<div class=\"elementor-container elementor-column-gap-default\">\n\t\t\t\t\t<div class=\"elementor-column elementor-col-50 elementor-inner-column elementor-element elementor-element-705228a\" data-id=\"705228a\" data-element_type=\"column\" data-e-type=\"column\" data-settings=\"{&quot;background_background&quot;:&quot;classic&quot;}\">\n\t\t\t<div class=\"elementor-widget-wrap elementor-element-populated\">\n\t\t\t\t\t\t<div class=\"elementor-element elementor-element-89183df elementor-widget elementor-widget-image\" data-id=\"89183df\" data-element_type=\"widget\" data-e-type=\"widget\" data-widget_type=\"image.default\">\n\t\t\t\t<div class=\"elementor-widget-container\">\n\t\t\t\t\t\t\t\t\t\t\t\t\t\t\t<img fetchpriority=\"high\" decoding=\"async\" width=\"500\" height=\"500\" src=\"https:\/\/roomiahouse.com.tr\/wp-content\/uploads\/2025\/05\/2.png\" class=\"attachment-large size-large wp-image-117\" alt=\"\" srcset=\"https:\/\/roomiahouse.com.tr\/wp-content\/uploads\/2025\/05\/2.png 500w, https:\/\/roomiahouse.com.tr\/wp-content\/uploads\/2025\/05\/2-300x300.png 300w, https:\/\/roomiahouse.com.tr\/wp-content\/uploads\/2025\/05\/2-150x150.png 150w, https:\/\/roomiahouse.com.tr\/wp-content\/uploads\/2025\/05\/2-75x75.png 75w, https:\/\/roomiahouse.com.tr\/wp-content\/uploads\/2025\/05\/2-480x480.png 480w\" sizes=\"(max-width:767px) 480px, 500px\" \/>\t\t\t\t\t\t\t\t\t\t\t\t\t\t\t<\/div>\n\t\t\t\t<\/div>\n\t\t\t\t<div class=\"elementor-element elementor-element-69277a6 elementor-widget elementor-widget-heading\" data-id=\"69277a6\" data-element_type=\"widget\" data-e-type=\"widget\" data-widget_type=\"heading.default\">\n\t\t\t\t<div class=\"elementor-widget-container\">\n\t\t\t\t\t<h2 class=\"elementor-heading-title elementor-size-default\"><span style=\"color:#D94D20\">\u0645\u0643\u062a\u0645\u0644 <\/span>   \u0645\u0634\u0627\u0631\u064a\u0639\u0646\u0627<\/h2>\t\t\t\t<\/div>\n\t\t\t\t<\/div>\n\t\t\t\t\t<\/div>\n\t\t<\/div>\n\t\t\t\t<div class=\"elementor-column elementor-col-50 elementor-inner-column elementor-element elementor-element-2e3c5cc\" data-id=\"2e3c5cc\" data-element_type=\"column\" data-e-type=\"column\">\n\t\t\t<div class=\"elementor-widget-wrap\">\n\t\t\t\t\t\t\t<\/div>\n\t\t<\/div>\n\t\t\t\t\t<\/div>\n\t\t<\/section>\n\t\t\t\t\t<\/div>\n\t\t<\/div>\n\t\t\t\t\t<\/div>\n\t\t<\/section>\n\t\t\t\t<section class=\"elementor-section elementor-top-section elementor-element elementor-element-aff7aed elementor-section-stretched elementor-section-boxed elementor-section-height-default elementor-section-height-default\" data-id=\"aff7aed\" data-element_type=\"section\" data-e-type=\"section\" data-settings=\"{&quot;stretch_section&quot;:&quot;section-stretched&quot;}\">\n\t\t\t\t\t\t<div class=\"elementor-container elementor-column-gap-wider\">\n\t\t\t\t\t<div class=\"elementor-column elementor-col-100 elementor-top-column elementor-element elementor-element-9f1ccd3\" data-id=\"9f1ccd3\" data-element_type=\"column\" data-e-type=\"column\">\n\t\t\t<div class=\"elementor-widget-wrap elementor-element-populated\">\n\t\t\t\t\t\t<section class=\"elementor-section elementor-inner-section elementor-element elementor-element-e655d9a elementor-section-boxed elementor-section-height-default elementor-section-height-default\" data-id=\"e655d9a\" data-element_type=\"section\" data-e-type=\"section\">\n\t\t\t\t\t\t<div class=\"elementor-container elementor-column-gap-default\">\n\t\t\t\t\t<div class=\"elementor-column elementor-col-100 elementor-inner-column elementor-element elementor-element-c1c22b7\" data-id=\"c1c22b7\" data-element_type=\"column\" data-e-type=\"column\">\n\t\t\t<div class=\"elementor-widget-wrap elementor-element-populated\">\n\t\t\t\t\t\t<div class=\"elementor-element elementor-element-4b7f4cd elementor-widget elementor-widget-heading\" data-id=\"4b7f4cd\" data-element_type=\"widget\" data-e-type=\"widget\" data-widget_type=\"heading.default\">\n\t\t\t\t<div class=\"elementor-widget-container\">\n\t\t\t\t\t<h2 class=\"elementor-heading-title elementor-size-default\">\u0628\u0635\u0641\u062a\u0646\u0627 \u0631\u0648\u0645\u064a\u0627\u060c \u0642\u0645\u0646\u0627 \u0628\u062a\u0646\u0641\u064a\u0630 \u0627\u0644\u0639\u062f\u064a\u062f \u0645\u0646 \u0627\u0644\u0645\u0634\u0627\u0631\u064a\u0639 \u0627\u0644\u0646\u0627\u062c\u062d\u0629 \u0641\u064a \u062c\u0645\u064a\u0639 \u0623\u0646\u062d\u0627\u0621 \u062a\u0631\u0643\u064a\u0627 \u0648\u062e\u0627\u0631\u062c\u0647\u0627. <\/h2>\t\t\t\t<\/div>\n\t\t\t\t<\/div>\n\t\t\t\t<div class=\"elementor-element elementor-element-e7995cd elementor-widget elementor-widget-text-editor\" data-id=\"e7995cd\" data-element_type=\"widget\" data-e-type=\"widget\" data-widget_type=\"text-editor.default\">\n\t\t\t\t<div class=\"elementor-widget-container\">\n\t\t\t\t\t\t\t\t\t<p data-start=\"215\" data-end=\"492\">\u0645\u0646 \u062e\u0644\u0627\u0644 \u0646\u0645\u0627\u0630\u062c \u0628\u064a\u0648\u062a \u0627\u0644\u0642\u0628\u0629 \u0648\u0627\u0644\u0628\u0646\u063a\u0648\u0644 \u0627\u0644\u062a\u064a \u0646\u0642\u062f\u0645\u0647\u0627\u060c \u0642\u0645\u0646\u0627 \u0628\u0628\u0646\u0627\u0621 \u0647\u064a\u0627\u0643\u0644 \u0645\u0646\u0627\u0633\u0628\u0629 \u0644\u0633\u064a\u0646\u0627\u0631\u064a\u0648\u0647\u0627\u062a \u0645\u0639\u064a\u0634\u064a\u0629 \u0645\u062e\u062a\u0644\u0641\u0629 \u0641\u064a \u0645\u0646\u0627\u0637\u0642 \u062c\u063a\u0631\u0627\u0641\u064a\u0629 \u0648\u0627\u0633\u0639\u0629 \u062a\u0645\u062a\u062f \u0645\u0646 \u0635\u0628\u0646\u062c\u0629 \u0625\u0644\u0649 \u0645\u0648\u063a\u0644\u0627\u060c \u0648\u0645\u0646 \u0625\u0633\u0637\u0646\u0628\u0648\u0644 \u0625\u0644\u0649 \u0627\u0644\u062c\u0628\u0644 \u0627\u0644\u0623\u0633\u0648\u062f.<\/p><p data-start=\"494\" data-end=\"798\">\u0643\u0644 \u0645\u0634\u0631\u0648\u0639 \u0645\u0635\u0645\u0645 \u062e\u0635\u064a\u0635\u0627\u064b \u0648\u0641\u0642\u0627\u064b \u0644\u0627\u062d\u062a\u064a\u0627\u062c\u0627\u062a \u0648\u0623\u0630\u0648\u0627\u0642 \u0645\u0633\u062a\u062e\u062f\u0645\u064a\u0646\u0627. \u0645\u0646\u0627\u0637\u0642 \u062a\u062e\u064a\u064a\u0645 \u0645\u062a\u0631\u0641\u0629\u060c \u0648\u0641\u0646\u0627\u062f\u0642 \u0628\u0648\u062a\u064a\u0643 \u0641\u064a \u0627\u0644\u0637\u0628\u064a\u0639\u0629\u060c \u0648\u0645\u0633\u0627\u0643\u0646 \u062e\u0627\u0635\u0629\u060c \u0648\u0645\u0646\u0627\u0637\u0642 \u0627\u062c\u062a\u0645\u0627\u0639\u064a\u0629 \u0648\u063a\u064a\u0631\u0647\u0627... \u0644\u0642\u062f \u0623\u062d\u062f\u062b\u062a \u062d\u0644\u0648\u0644 \u0631\u0648\u0645\u064a\u0627 \u0627\u0644\u0635\u062f\u064a\u0642\u0629 \u0644\u0644\u0628\u064a\u0626\u0629 \u0648\u0627\u0644\u062c\u0645\u0627\u0644\u064a\u0629 \u0641\u0631\u0642\u0627\u064b \u0645\u0639\u0645\u0627\u0631\u064a\u0627\u064b \u0648\u0642\u062f\u0645\u062a \u0623\u0633\u0644\u0648\u0628 \u062d\u064a\u0627\u0629 \u0645\u0633\u062a\u062f\u0627\u0645 \u0641\u064a \u0647\u0630\u0647 \u0627\u0644\u0645\u0646\u0627\u0637\u0642.<\/p>\t\t\t\t\t\t\t\t<\/div>\n\t\t\t\t<\/div>\n\t\t\t\t\t<\/div>\n\t\t<\/div>\n\t\t\t\t\t<\/div>\n\t\t<\/section>\n\t\t\t\t\t<\/div>\n\t\t<\/div>\n\t\t\t\t\t<\/div>\n\t\t<\/section>\n\t\t<div class=\"elementor-element elementor-element-8e0bac4 e-flex e-con-boxed e-con e-parent\" data-id=\"8e0bac4\" data-element_type=\"container\" data-e-type=\"container\">\n\t\t\t\t\t<div class=\"e-con-inner\">\n\t\t\t\t<div class=\"elementor-element elementor-element-7558f1b elementor-grid-2 elementor-grid-tablet-2 elementor-grid-mobile-1 elementor-posts--thumbnail-top elementor-card-shadow-yes elementor-posts__hover-gradient elementor-widget elementor-widget-posts\" data-id=\"7558f1b\" data-element_type=\"widget\" data-e-type=\"widget\" data-settings=\"{&quot;cards_columns&quot;:&quot;2&quot;,&quot;cards_masonry&quot;:&quot;yes&quot;,&quot;cards_columns_tablet&quot;:&quot;2&quot;,&quot;cards_columns_mobile&quot;:&quot;1&quot;,&quot;cards_row_gap&quot;:{&quot;unit&quot;:&quot;px&quot;,&quot;size&quot;:35,&quot;sizes&quot;:[]},&quot;cards_row_gap_tablet&quot;:{&quot;unit&quot;:&quot;px&quot;,&quot;size&quot;:&quot;&quot;,&quot;sizes&quot;:[]},&quot;cards_row_gap_mobile&quot;:{&quot;unit&quot;:&quot;px&quot;,&quot;size&quot;:&quot;&quot;,&quot;sizes&quot;:[]}}\" data-widget_type=\"posts.cards\">\n\t\t\t\t<div class=\"elementor-widget-container\">\n\t\t\t\t\t\t\t<div class=\"elementor-posts-container elementor-posts elementor-posts--skin-cards elementor-grid\" role=\"list\">\n\t\t\t\t<article class=\"elementor-post elementor-grid-item post-493 portfolio type-portfolio status-publish has-post-thumbnail hentry portfolio-types-tamamlanan-projeler\" role=\"listitem\">\n\t\t\t<div class=\"elementor-post__card\">\n\t\t\t\t<a class=\"elementor-post__thumbnail__link\" href=\"https:\/\/roomiahouse.com.tr\/ar\/portfolio-item\/club-technova\/\" tabindex=\"-1\" ><div class=\"elementor-post__thumbnail\"><img decoding=\"async\" width=\"1080\" height=\"1350\" src=\"https:\/\/roomiahouse.com.tr\/wp-content\/uploads\/2025\/07\/36.png\" class=\"attachment-full size-full wp-image-290\" alt=\"\" srcset=\"https:\/\/roomiahouse.com.tr\/wp-content\/uploads\/2025\/07\/36.png 1080w, https:\/\/roomiahouse.com.tr\/wp-content\/uploads\/2025\/07\/36-400x500.png 400w, https:\/\/roomiahouse.com.tr\/wp-content\/uploads\/2025\/07\/36-960x1200.png 960w, https:\/\/roomiahouse.com.tr\/wp-content\/uploads\/2025\/07\/36-240x300.png 240w, https:\/\/roomiahouse.com.tr\/wp-content\/uploads\/2025\/07\/36-768x960.png 768w, https:\/\/roomiahouse.com.tr\/wp-content\/uploads\/2025\/07\/36-60x75.png 60w, https:\/\/roomiahouse.com.tr\/wp-content\/uploads\/2025\/07\/36-480x600.png 480w\" sizes=\"(max-width:767px) 480px, (max-width:1080px) 100vw, 1080px\" \/><\/div><\/a>\n\t\t\t\t<div class=\"elementor-post__text\">\n\t\t\t\t<h3 class=\"elementor-post__title\">\n\t\t\t<a href=\"https:\/\/roomiahouse.com.tr\/ar\/portfolio-item\/club-technova\/\" >\n\t\t\t\t\u0646\u0627\u062f\u064a \u062a\u0643\u0646\u0648\u0641\u0627\t\t\t<\/a>\n\t\t<\/h3>\n\t\t\n\t\t<a class=\"elementor-post__read-more\" href=\"https:\/\/roomiahouse.com.tr\/ar\/portfolio-item\/club-technova\/\" aria-label=\"Read more about Club Technova\" tabindex=\"-1\" >\n\t\t\t\u0639\u0631\u0636 \u00bb\t\t<\/a>\n\n\t\t\t\t<\/div>\n\t\t\t\t\t<\/div>\n\t\t<\/article>\n\t\t\t\t<article class=\"elementor-post elementor-grid-item post-485 portfolio type-portfolio status-publish has-post-thumbnail hentry portfolio-types-tamamlanan-projeler\" role=\"listitem\">\n\t\t\t<div class=\"elementor-post__card\">\n\t\t\t\t<a class=\"elementor-post__thumbnail__link\" href=\"https:\/\/roomiahouse.com.tr\/ar\/portfolio-item\/bisanthe-panaroma\/\" tabindex=\"-1\" ><div class=\"elementor-post__thumbnail\"><img decoding=\"async\" width=\"1080\" height=\"1350\" src=\"https:\/\/roomiahouse.com.tr\/wp-content\/uploads\/2025\/07\/34.png\" class=\"attachment-full size-full wp-image-288\" alt=\"\" srcset=\"https:\/\/roomiahouse.com.tr\/wp-content\/uploads\/2025\/07\/34.png 1080w, https:\/\/roomiahouse.com.tr\/wp-content\/uploads\/2025\/07\/34-400x500.png 400w, https:\/\/roomiahouse.com.tr\/wp-content\/uploads\/2025\/07\/34-960x1200.png 960w, https:\/\/roomiahouse.com.tr\/wp-content\/uploads\/2025\/07\/34-240x300.png 240w, https:\/\/roomiahouse.com.tr\/wp-content\/uploads\/2025\/07\/34-768x960.png 768w, https:\/\/roomiahouse.com.tr\/wp-content\/uploads\/2025\/07\/34-60x75.png 60w, https:\/\/roomiahouse.com.tr\/wp-content\/uploads\/2025\/07\/34-480x600.png 480w\" sizes=\"(max-width:767px) 480px, (max-width:1080px) 100vw, 1080px\" \/><\/div><\/a>\n\t\t\t\t<div class=\"elementor-post__text\">\n\t\t\t\t<h3 class=\"elementor-post__title\">\n\t\t\t<a href=\"https:\/\/roomiahouse.com.tr\/ar\/portfolio-item\/bisanthe-panaroma\/\" >\n\t\t\t\t\u0628\u064a\u0633\u0627\u0646\u062b \u0628\u0627\u0646\u0627\u0631\u0648\u0645\u0627\t\t\t<\/a>\n\t\t<\/h3>\n\t\t\n\t\t<a class=\"elementor-post__read-more\" href=\"https:\/\/roomiahouse.com.tr\/ar\/portfolio-item\/bisanthe-panaroma\/\" aria-label=\"Read more about Bisanthe Panaroma\" tabindex=\"-1\" >\n\t\t\t\u0639\u0631\u0636 \u00bb\t\t<\/a>\n\n\t\t\t\t<\/div>\n\t\t\t\t\t<\/div>\n\t\t<\/article>\n\t\t\t\t<article class=\"elementor-post elementor-grid-item post-467 portfolio type-portfolio status-publish has-post-thumbnail hentry portfolio-types-tamamlanan-projeler\" role=\"listitem\">\n\t\t\t<div class=\"elementor-post__card\">\n\t\t\t\t<a class=\"elementor-post__thumbnail__link\" href=\"https:\/\/roomiahouse.com.tr\/ar\/portfolio-item\/kalimeras-deluxe\/\" tabindex=\"-1\" ><div class=\"elementor-post__thumbnail\"><img loading=\"lazy\" decoding=\"async\" width=\"1080\" height=\"1350\" src=\"https:\/\/roomiahouse.com.tr\/wp-content\/uploads\/2025\/07\/32.png\" class=\"attachment-full size-full wp-image-286\" alt=\"\" srcset=\"https:\/\/roomiahouse.com.tr\/wp-content\/uploads\/2025\/07\/32.png 1080w, https:\/\/roomiahouse.com.tr\/wp-content\/uploads\/2025\/07\/32-400x500.png 400w, https:\/\/roomiahouse.com.tr\/wp-content\/uploads\/2025\/07\/32-960x1200.png 960w, https:\/\/roomiahouse.com.tr\/wp-content\/uploads\/2025\/07\/32-240x300.png 240w, https:\/\/roomiahouse.com.tr\/wp-content\/uploads\/2025\/07\/32-768x960.png 768w, https:\/\/roomiahouse.com.tr\/wp-content\/uploads\/2025\/07\/32-60x75.png 60w, https:\/\/roomiahouse.com.tr\/wp-content\/uploads\/2025\/07\/32-480x600.png 480w\" sizes=\"(max-width:767px) 480px, (max-width:1080px) 100vw, 1080px\" \/><\/div><\/a>\n\t\t\t\t<div class=\"elementor-post__text\">\n\t\t\t\t<h3 class=\"elementor-post__title\">\n\t\t\t<a href=\"https:\/\/roomiahouse.com.tr\/ar\/portfolio-item\/kalimeras-deluxe\/\" >\n\t\t\t\t\u0643\u0627\u0644\u064a\u0645\u064a\u0631\u0627\u0633 \u062f\u064a\u0644\u0648\u0643\u0633\t\t\t<\/a>\n\t\t<\/h3>\n\t\t\n\t\t<a class=\"elementor-post__read-more\" href=\"https:\/\/roomiahouse.com.tr\/ar\/portfolio-item\/kalimeras-deluxe\/\" aria-label=\"Read more about Kalimeras Deluxe\" tabindex=\"-1\" >\n\t\t\t\u0639\u0631\u0636 \u00bb\t\t<\/a>\n\n\t\t\t\t<\/div>\n\t\t\t\t\t<\/div>\n\t\t<\/article>\n\t\t\t\t<article class=\"elementor-post elementor-grid-item post-19 portfolio type-portfolio status-publish has-post-thumbnail hentry portfolio-types-tamamlanan-projeler\" role=\"listitem\">\n\t\t\t<div class=\"elementor-post__card\">\n\t\t\t\t<a class=\"elementor-post__thumbnail__link\" href=\"https:\/\/roomiahouse.com.tr\/ar\/portfolio-item\/nils-dome\/\" tabindex=\"-1\" ><div class=\"elementor-post__thumbnail\"><img loading=\"lazy\" decoding=\"async\" width=\"1080\" height=\"1350\" src=\"https:\/\/roomiahouse.com.tr\/wp-content\/uploads\/2025\/07\/29.png\" class=\"attachment-full size-full wp-image-323\" alt=\"\" srcset=\"https:\/\/roomiahouse.com.tr\/wp-content\/uploads\/2025\/07\/29.png 1080w, https:\/\/roomiahouse.com.tr\/wp-content\/uploads\/2025\/07\/29-400x500.png 400w, https:\/\/roomiahouse.com.tr\/wp-content\/uploads\/2025\/07\/29-960x1200.png 960w, https:\/\/roomiahouse.com.tr\/wp-content\/uploads\/2025\/07\/29-240x300.png 240w, https:\/\/roomiahouse.com.tr\/wp-content\/uploads\/2025\/07\/29-768x960.png 768w, https:\/\/roomiahouse.com.tr\/wp-content\/uploads\/2025\/07\/29-60x75.png 60w, https:\/\/roomiahouse.com.tr\/wp-content\/uploads\/2025\/07\/29-480x600.png 480w\" sizes=\"(max-width:767px) 480px, (max-width:1080px) 100vw, 1080px\" \/><\/div><\/a>\n\t\t\t\t<div class=\"elementor-post__text\">\n\t\t\t\t<h3 class=\"elementor-post__title\">\n\t\t\t<a href=\"https:\/\/roomiahouse.com.tr\/ar\/portfolio-item\/nils-dome\/\" >\n\t\t\t\t\u0642\u0628\u0629 \u0646\u064a\u0644\u0632 \u062f\u0648\u0645\t\t\t<\/a>\n\t\t<\/h3>\n\t\t\n\t\t<a class=\"elementor-post__read-more\" href=\"https:\/\/roomiahouse.com.tr\/ar\/portfolio-item\/nils-dome\/\" aria-label=\"Read more about Nil&#8217;s Dome\" tabindex=\"-1\" >\n\t\t\t\u0639\u0631\u0636 \u00bb\t\t<\/a>\n\n\t\t\t\t<\/div>\n\t\t\t\t\t<\/div>\n\t\t<\/article>\n\t\t\t\t<\/div>\n\t\t\n\t\t\t\t\t\t<\/div>\n\t\t\t\t<\/div>\n\t\t\t\t\t<\/div>\n\t\t\t\t<\/div>\n\t\t\t\t<section class=\"elementor-section elementor-top-section elementor-element elementor-element-73ff0e8 elementor-section-stretched elementor-section-boxed elementor-section-height-default elementor-section-height-default\" data-id=\"73ff0e8\" data-element_type=\"section\" data-e-type=\"section\" data-settings=\"{&quot;stretch_section&quot;:&quot;section-stretched&quot;,&quot;background_background&quot;:&quot;classic&quot;}\">\n\t\t\t\t\t\t<div class=\"elementor-container elementor-column-gap-no\">\n\t\t\t\t\t<div class=\"elementor-column elementor-col-100 elementor-top-column elementor-element elementor-element-3431dc7\" data-id=\"3431dc7\" data-element_type=\"column\" data-e-type=\"column\">\n\t\t\t<div class=\"elementor-widget-wrap elementor-element-populated\">\n\t\t\t\t\t\t<section class=\"elementor-section elementor-inner-section elementor-element elementor-element-48032e1 elementor-reverse-mobile elementor-section-boxed elementor-section-height-default elementor-section-height-default\" data-id=\"48032e1\" data-element_type=\"section\" data-e-type=\"section\">\n\t\t\t\t\t\t<div class=\"elementor-container elementor-column-gap-default\">\n\t\t\t\t\t<div class=\"elementor-column elementor-col-50 elementor-inner-column elementor-element elementor-element-f7dff51\" data-id=\"f7dff51\" data-element_type=\"column\" data-e-type=\"column\">\n\t\t\t<div class=\"elementor-widget-wrap elementor-element-populated\">\n\t\t\t\t\t\t<div class=\"elementor-element elementor-element-c58f2af elementor-widget elementor-widget-image\" data-id=\"c58f2af\" data-element_type=\"widget\" data-e-type=\"widget\" data-widget_type=\"image.default\">\n\t\t\t\t<div class=\"elementor-widget-container\">\n\t\t\t\t\t\t\t\t\t\t\t\t\t\t\t<img fetchpriority=\"high\" decoding=\"async\" width=\"500\" height=\"500\" src=\"https:\/\/roomiahouse.com.tr\/wp-content\/uploads\/2025\/05\/2.png\" class=\"attachment-large size-large wp-image-117\" alt=\"\" srcset=\"https:\/\/roomiahouse.com.tr\/wp-content\/uploads\/2025\/05\/2.png 500w, https:\/\/roomiahouse.com.tr\/wp-content\/uploads\/2025\/05\/2-300x300.png 300w, https:\/\/roomiahouse.com.tr\/wp-content\/uploads\/2025\/05\/2-150x150.png 150w, https:\/\/roomiahouse.com.tr\/wp-content\/uploads\/2025\/05\/2-75x75.png 75w, https:\/\/roomiahouse.com.tr\/wp-content\/uploads\/2025\/05\/2-480x480.png 480w\" sizes=\"(max-width:767px) 480px, 500px\" \/>\t\t\t\t\t\t\t\t\t\t\t\t\t\t\t<\/div>\n\t\t\t\t<\/div>\n\t\t\t\t<div class=\"elementor-element elementor-element-02e7ca6 elementor-widget elementor-widget-heading\" data-id=\"02e7ca6\" data-element_type=\"widget\" data-e-type=\"widget\" data-widget_type=\"heading.default\">\n\t\t\t\t<div class=\"elementor-widget-container\">\n\t\t\t\t\t<h2 class=\"elementor-heading-title elementor-size-default\">\u0645\u0646\u0627\u0637\u0642 \u0645\u0639\u064a\u0634\u0629 \u0627\u0644\u062c\u064a\u0644 \u0627\u0644\u062c\u062f\u064a\u062f \u0627\u0644\u0635\u0627\u0639\u062f\u0629<\/h2>\t\t\t\t<\/div>\n\t\t\t\t<\/div>\n\t\t\t\t<div class=\"elementor-element elementor-element-8de2509 elementor-widget elementor-widget-button\" data-id=\"8de2509\" data-element_type=\"widget\" data-e-type=\"widget\" data-widget_type=\"button.default\">\n\t\t\t\t<div class=\"elementor-widget-container\">\n\t\t\t\t\t\t\t\t\t<div class=\"elementor-button-wrapper\">\n\t\t\t\t\t<a class=\"elementor-button elementor-button-link elementor-size-sm\" href=\"https:\/\/roomiahouse.com.tr\/ar\/devam-eden-projeler\/\">\n\t\t\t\t\t\t<span class=\"elementor-button-content-wrapper\">\n\t\t\t\t\t\t\t\t\t<span class=\"elementor-button-text\">\u0627\u0643\u062a\u0634\u0641 \u0627\u0644\u0645\u0634\u0627\u0631\u064a\u0639 \u0627\u0644\u062c\u0627\u0631\u064a\u0629<\/span>\n\t\t\t\t\t<\/span>\n\t\t\t\t\t<\/a>\n\t\t\t\t<\/div>\n\t\t\t\t\t\t\t\t<\/div>\n\t\t\t\t<\/div>\n\t\t\t\t\t<\/div>\n\t\t<\/div>\n\t\t\t\t<div class=\"elementor-column elementor-col-50 elementor-inner-column elementor-element elementor-element-0689dd1\" data-id=\"0689dd1\" data-element_type=\"column\" data-e-type=\"column\" data-settings=\"{&quot;background_background&quot;:&quot;classic&quot;}\">\n\t\t\t<div class=\"elementor-widget-wrap elementor-element-populated\">\n\t\t\t\t\t\t<div class=\"elementor-element elementor-element-f36e2cf elementor-widget-tablet__width-initial elementor-widget elementor-widget-image\" data-id=\"f36e2cf\" data-element_type=\"widget\" data-e-type=\"widget\" data-widget_type=\"image.default\">\n\t\t\t\t<div class=\"elementor-widget-container\">\n\t\t\t\t\t\t\t\t\t\t\t\t\t\t\t<img loading=\"lazy\" decoding=\"async\" width=\"375\" height=\"375\" src=\"https:\/\/roomiahouse.com.tr\/wp-content\/uploads\/2021\/07\/roomia-prj.png\" class=\"attachment-full size-full wp-image-237\" alt=\"\" srcset=\"https:\/\/roomiahouse.com.tr\/wp-content\/uploads\/2021\/07\/roomia-prj.png 375w, https:\/\/roomiahouse.com.tr\/wp-content\/uploads\/2021\/07\/roomia-prj-300x300.png 300w, https:\/\/roomiahouse.com.tr\/wp-content\/uploads\/2021\/07\/roomia-prj-150x150.png 150w, https:\/\/roomiahouse.com.tr\/wp-content\/uploads\/2021\/07\/roomia-prj-75x75.png 75w\" sizes=\"(max-width:767px) 375px, 375px\" \/>\t\t\t\t\t\t\t\t\t\t\t\t\t\t\t<\/div>\n\t\t\t\t<\/div>\n\t\t\t\t\t<\/div>\n\t\t<\/div>\n\t\t\t\t\t<\/div>\n\t\t<\/section>\n\t\t\t\t\t<\/div>\n\t\t<\/div>\n\t\t\t\t\t<\/div>\n\t\t<\/section>\n\t\t\t\t<\/div>","protected":false},"excerpt":{"rendered":"<p>Tamamlanan Projelerimiz Roomia olarak bug\u00fcne kadar T\u00fcrkiye\u2019nin d\u00f6rt bir yan\u0131nda ve yurt d\u0131\u015f\u0131nda pek \u00e7ok ba\u015far\u0131l\u0131 projeye imza att\u0131k. Sapanca\u2019dan Mu\u011fla\u2019ya, \u0130stanbul\u2019dan Karada\u011f\u2019a kadar uzanan geni\u015f<\/p>","protected":false},"author":1,"featured_media":0,"parent":0,"menu_order":0,"comment_status":"closed","ping_status":"closed","template":"","meta":{"footnotes":""},"class_list":["post-623","page","type-page","status-publish","hentry"],"_links":{"self":[{"href":"https:\/\/roomiahouse.com.tr\/ar\/wp-json\/wp\/v2\/pages\/623","targetHints":{"allow":["GET"]}}],"collection":[{"href":"https:\/\/roomiahouse.com.tr\/ar\/wp-json\/wp\/v2\/pages"}],"about":[{"href":"https:\/\/roomiahouse.com.tr\/ar\/wp-json\/wp\/v2\/types\/page"}],"author":[{"embeddable":true,"href":"https:\/\/roomiahouse.com.tr\/ar\/wp-json\/wp\/v2\/users\/1"}],"replies":[{"embeddable":true,"href":"https:\/\/roomiahouse.com.tr\/ar\/wp-json\/wp\/v2\/comments?post=623"}],"version-history":[{"count":10,"href":"https:\/\/roomiahouse.com.tr\/ar\/wp-json\/wp\/v2\/pages\/623\/revisions"}],"predecessor-version":[{"id":694,"href":"https:\/\/roomiahouse.com.tr\/ar\/wp-json\/wp\/v2\/pages\/623\/revisions\/694"}],"wp:attachment":[{"href":"https:\/\/roomiahouse.com.tr\/ar\/wp-json\/wp\/v2\/media?parent=623"}],"curies":[{"name":"wp","href":"https:\/\/api.w.org\/{rel}","templated":true}]}}