{"id":3,"date":"2025-05-16T07:18:09","date_gmt":"2025-05-16T07:18:09","guid":{"rendered":"https:\/\/roomiahouse.com.tr\/?page_id=3"},"modified":"2025-07-27T13:17:58","modified_gmt":"2025-07-27T13:17:58","slug":"faydali-baglantilar","status":"publish","type":"page","link":"https:\/\/roomiahouse.com.tr\/ar\/faydali-baglantilar\/","title":{"rendered":"\u0631\u0648\u0627\u0628\u0637 \u0645\u0641\u064a\u062f\u0629"},"content":{"rendered":"<div data-elementor-type=\"wp-page\" data-elementor-id=\"3\" class=\"elementor elementor-3\" data-elementor-post-type=\"page\">\n\t\t\t\t\t\t<section class=\"elementor-section elementor-top-section elementor-element elementor-element-49433ae elementor-section-full_width elementor-section-stretched elementor-section-height-min-height elementor-section-height-default elementor-section-items-middle\" data-id=\"49433ae\" data-element_type=\"section\" data-e-type=\"section\" data-settings=\"{&quot;stretch_section&quot;:&quot;section-stretched&quot;,&quot;background_background&quot;:&quot;classic&quot;}\">\n\t\t\t\t\t\t\t<div class=\"elementor-background-overlay\"><\/div>\n\t\t\t\t\t\t\t<div class=\"elementor-container elementor-column-gap-no\">\n\t\t\t\t\t<div class=\"elementor-column elementor-col-100 elementor-top-column elementor-element elementor-element-c4944fd\" data-id=\"c4944fd\" data-element_type=\"column\" data-e-type=\"column\" data-settings=\"{&quot;background_background&quot;:&quot;classic&quot;}\">\n\t\t\t<div class=\"elementor-widget-wrap elementor-element-populated\">\n\t\t\t\t\t\t<section class=\"elementor-section elementor-inner-section elementor-element elementor-element-047f811 elementor-section-full_width elementor-reverse-tablet elementor-reverse-mobile elementor-section-height-default elementor-section-height-default\" data-id=\"047f811\" data-element_type=\"section\" data-e-type=\"section\">\n\t\t\t\t\t\t<div class=\"elementor-container elementor-column-gap-default\">\n\t\t\t\t\t<div class=\"elementor-column elementor-col-50 elementor-inner-column elementor-element elementor-element-0fdf0b9\" data-id=\"0fdf0b9\" data-element_type=\"column\" data-e-type=\"column\" data-settings=\"{&quot;background_background&quot;:&quot;classic&quot;}\">\n\t\t\t<div class=\"elementor-widget-wrap elementor-element-populated\">\n\t\t\t\t\t\t<div class=\"elementor-element elementor-element-24b0ae5 elementor-widget elementor-widget-image\" data-id=\"24b0ae5\" data-element_type=\"widget\" data-e-type=\"widget\" data-widget_type=\"image.default\">\n\t\t\t\t<div class=\"elementor-widget-container\">\n\t\t\t\t\t\t\t\t\t\t\t\t\t\t\t<img fetchpriority=\"high\" decoding=\"async\" width=\"500\" height=\"500\" src=\"https:\/\/roomiahouse.com.tr\/wp-content\/uploads\/2025\/05\/2.png\" class=\"attachment-large size-large wp-image-117\" alt=\"\" srcset=\"https:\/\/roomiahouse.com.tr\/wp-content\/uploads\/2025\/05\/2.png 500w, https:\/\/roomiahouse.com.tr\/wp-content\/uploads\/2025\/05\/2-300x300.png 300w, https:\/\/roomiahouse.com.tr\/wp-content\/uploads\/2025\/05\/2-150x150.png 150w, https:\/\/roomiahouse.com.tr\/wp-content\/uploads\/2025\/05\/2-75x75.png 75w, https:\/\/roomiahouse.com.tr\/wp-content\/uploads\/2025\/05\/2-480x480.png 480w\" sizes=\"(max-width:767px) 480px, 500px\" \/>\t\t\t\t\t\t\t\t\t\t\t\t\t\t\t<\/div>\n\t\t\t\t<\/div>\n\t\t\t\t<div class=\"elementor-element elementor-element-328efe3 elementor-widget elementor-widget-heading\" data-id=\"328efe3\" data-element_type=\"widget\" data-e-type=\"widget\" data-widget_type=\"heading.default\">\n\t\t\t\t<div class=\"elementor-widget-container\">\n\t\t\t\t\t<h2 class=\"elementor-heading-title elementor-size-default\"><span style=\"color:#D94D20\">\u0645\u0641\u064a\u062f\u0629<\/span> <br>\u0627\u0644\u0631\u0648\u0627\u0628\u0637<\/h2>\t\t\t\t<\/div>\n\t\t\t\t<\/div>\n\t\t\t\t\t<\/div>\n\t\t<\/div>\n\t\t\t\t<div class=\"elementor-column elementor-col-50 elementor-inner-column elementor-element elementor-element-2144346\" data-id=\"2144346\" data-element_type=\"column\" data-e-type=\"column\">\n\t\t\t<div class=\"elementor-widget-wrap elementor-element-populated\">\n\t\t\t\t\t\t<div class=\"elementor-element elementor-element-2307c86 elementor-widget elementor-widget-spacer\" data-id=\"2307c86\" data-element_type=\"widget\" data-e-type=\"widget\" data-widget_type=\"spacer.default\">\n\t\t\t\t<div class=\"elementor-widget-container\">\n\t\t\t\t\t\t\t<div class=\"elementor-spacer\">\n\t\t\t<div class=\"elementor-spacer-inner\"><\/div>\n\t\t<\/div>\n\t\t\t\t\t\t<\/div>\n\t\t\t\t<\/div>\n\t\t\t\t\t<\/div>\n\t\t<\/div>\n\t\t\t\t\t<\/div>\n\t\t<\/section>\n\t\t\t\t\t<\/div>\n\t\t<\/div>\n\t\t\t\t\t<\/div>\n\t\t<\/section>\n\t\t<div class=\"elementor-element elementor-element-4b929f75 e-flex e-con-boxed e-con e-parent\" data-id=\"4b929f75\" data-element_type=\"container\" data-e-type=\"container\" id=\"gizlilik\">\n\t\t\t\t\t<div class=\"e-con-inner\">\n\t\t\t\t<div class=\"elementor-element elementor-element-86652cb elementor-widget elementor-widget-heading\" data-id=\"86652cb\" data-element_type=\"widget\" data-e-type=\"widget\" data-widget_type=\"heading.default\">\n\t\t\t\t<div class=\"elementor-widget-container\">\n\t\t\t\t\t<h2 class=\"elementor-heading-title elementor-size-default\">\u0633\u064a\u0627\u0633\u0629 \u0627\u0644\u062e\u0635\u0648\u0635\u064a\u0629<\/h2>\t\t\t\t<\/div>\n\t\t\t\t<\/div>\n\t\t\t\t<div class=\"elementor-element elementor-element-17ce8b70 elementor-widget elementor-widget-text-editor\" data-id=\"17ce8b70\" data-element_type=\"widget\" data-e-type=\"widget\" data-widget_type=\"text-editor.default\">\n\t\t\t\t<div class=\"elementor-widget-container\">\n\t\t\t\t\t\t\t\t\t<p data-start=\"311\" data-end=\"523\">\u0628\u0635\u0641\u062a\u0646\u0627 \u0631\u0648\u0645\u064a\u0627\u060c \u0646\u0647\u062a\u0645 \u0628\u062e\u0635\u0648\u0635\u064a\u0629 \u0632\u0648\u0627\u0631\u0646\u0627. \u062a\u0634\u0631\u062d \u0633\u064a\u0627\u0633\u0629 \u0627\u0644\u062e\u0635\u0648\u0635\u064a\u0629 \u0647\u0630\u0647 \u0627\u0644\u0645\u0639\u0644\u0648\u0645\u0627\u062a \u0627\u0644\u062a\u064a \u0646\u062c\u0645\u0639\u0647\u0627 \u0639\u0646\u062f \u0632\u064a\u0627\u0631\u062a\u0643 \u0644\u0645\u0648\u0642\u0639\u0646\u0627 \u0627\u0644\u0625\u0644\u0643\u062a\u0631\u0648\u0646\u064a\u060c \u0648\u0643\u064a\u0641 \u0646\u0633\u062a\u062e\u062f\u0645 \u0647\u0630\u0647 \u0627\u0644\u0645\u0639\u0644\u0648\u0645\u0627\u062a \u0648\u0646\u062d\u0645\u064a\u0647\u0627.<\/p>\n<p data-start=\"525\" data-end=\"829\"><strong data-start=\"525\" data-end=\"547\">\u0627\u0644\u0645\u0639\u0644\u0648\u0645\u0627\u062a \u0627\u0644\u062a\u064a \u062a\u0645 \u062c\u0645\u0639\u0647\u0627:<\/strong><br data-start=\"547\" data-end=\"550\" \/>\u0639\u0646\u062f\u0645\u0627 \u062a\u0632\u0648\u0631 \u0645\u0648\u0642\u0639\u0646\u0627 \u0627\u0644\u0625\u0644\u0643\u062a\u0631\u0648\u0646\u064a\u060c \u0642\u062f \u064a\u062a\u0645 \u062a\u0633\u062c\u064a\u0644 \u0627\u0644\u0628\u064a\u0627\u0646\u0627\u062a \u0627\u0644\u0623\u0633\u0627\u0633\u064a\u0629 \u0645\u062b\u0644 \u0639\u0646\u0648\u0627\u0646 \u0628\u0631\u0648\u062a\u0648\u0643\u0648\u0644 \u0627\u0644\u0625\u0646\u062a\u0631\u0646\u062a \u0627\u0644\u062e\u0627\u0635 \u0628\u0643\u060c \u0648\u0645\u0639\u0644\u0648\u0645\u0627\u062a \u0627\u0644\u0645\u062a\u0635\u0641\u062d \u0648\u0645\u062f\u0629 \u0632\u064a\u0627\u0631\u062a\u0643 \u062a\u0644\u0642\u0627\u0626\u064a\u0627\u064b. \u062a\u064f\u0633\u062a\u062e\u062f\u0645 \u0645\u0639\u0644\u0648\u0645\u0627\u062a\u0643 \u0627\u0644\u0634\u062e\u0635\u064a\u0629 \u0645\u062b\u0644 \u0627\u0644\u0627\u0633\u0645 \u0648\u0627\u0644\u0628\u0631\u064a\u062f \u0627\u0644\u0625\u0644\u0643\u062a\u0631\u0648\u0646\u064a \u0648\u0627\u0644\u0647\u0627\u062a\u0641 \u0648\u0645\u0627 \u0625\u0644\u0649 \u0630\u0644\u0643 \u0627\u0644\u062a\u064a \u062a\u0634\u0627\u0631\u0643\u0647\u0627 \u0645\u0646 \u062e\u0644\u0627\u0644 \u0646\u0645\u0627\u0630\u062c \u0627\u0644\u0627\u062a\u0635\u0627\u0644 \u0627\u0644\u062e\u0627\u0635\u0629 \u0628\u0646\u0627 \u0641\u0642\u0637 \u0644\u0644\u0627\u062a\u0635\u0627\u0644 \u0628\u0643.<\/p>\n<p data-start=\"831\" data-end=\"1025\"><strong data-start=\"831\" data-end=\"850\">\u0623\u0645\u0646 \u0627\u0644\u0628\u064a\u0627\u0646\u0627\u062a:<\/strong><br data-start=\"850\" data-end=\"853\" \/>\u062c\u0645\u064a\u0639 \u0628\u064a\u0627\u0646\u0627\u062a\u0643 \u0627\u0644\u0634\u062e\u0635\u064a\u0629 \u0645\u062d\u0645\u064a\u0629 \u0636\u062f \u0627\u0644\u0648\u0635\u0648\u0644 \u063a\u064a\u0631 \u0627\u0644\u0645\u0635\u0631\u062d \u0628\u0647. \u0644\u0627 \u062a\u062a\u0645 \u0645\u0634\u0627\u0631\u0643\u062a\u0647\u0627 \u0645\u0639 \u0623\u0637\u0631\u0627\u0641 \u062b\u0627\u0644\u062b\u0629\u060c \u0648\u0644\u0627 \u064a\u0645\u0643\u0646 \u0646\u0642\u0644\u0647\u0627 \u0625\u0644\u0649 \u0627\u0644\u0633\u0644\u0637\u0627\u062a \u0627\u0644\u0631\u0633\u0645\u064a\u0629 \u0625\u0644\u0627 \u0641\u064a \u062d\u0627\u0644\u0629 \u0627\u0644\u0627\u0644\u062a\u0632\u0627\u0645\u0627\u062a \u0627\u0644\u0642\u0627\u0646\u0648\u0646\u064a\u0629.<\/p>\t\t\t\t\t\t\t\t<\/div>\n\t\t\t\t<\/div>\n\t\t\t\t\t<\/div>\n\t\t\t\t<\/div>\n\t\t<div class=\"elementor-element elementor-element-35d792d e-flex e-con-boxed e-con e-parent\" data-id=\"35d792d\" data-element_type=\"container\" data-e-type=\"container\" id=\"kvkk\">\n\t\t\t\t\t<div class=\"e-con-inner\">\n\t\t\t\t<div class=\"elementor-element elementor-element-bd4eb4a elementor-widget elementor-widget-heading\" data-id=\"bd4eb4a\" data-element_type=\"widget\" data-e-type=\"widget\" data-widget_type=\"heading.default\">\n\t\t\t\t<div class=\"elementor-widget-container\">\n\t\t\t\t\t<h2 class=\"elementor-heading-title elementor-size-default\">\u0633\u064a\u0627\u0633\u0629 \u062d\u0645\u0627\u064a\u0629 \u0627\u0644\u0628\u064a\u0627\u0646\u0627\u062a \u0627\u0644\u0634\u062e\u0635\u064a\u0629 (KVKKK)<\/h2>\t\t\t\t<\/div>\n\t\t\t\t<\/div>\n\t\t\t\t<div class=\"elementor-element elementor-element-876af01 elementor-widget elementor-widget-text-editor\" data-id=\"876af01\" data-element_type=\"widget\" data-e-type=\"widget\" data-widget_type=\"text-editor.default\">\n\t\t\t\t<div class=\"elementor-widget-container\">\n\t\t\t\t\t\t\t\t\t<p data-start=\"1090\" data-end=\"1228\">\u0641\u064a \u0646\u0637\u0627\u0642 \u0627\u0644\u0642\u0627\u0646\u0648\u0646 \u0631\u0642\u0645 6698 \u0628\u0634\u0623\u0646 \u062d\u0645\u0627\u064a\u0629 \u0627\u0644\u0628\u064a\u0627\u0646\u0627\u062a \u0627\u0644\u0634\u062e\u0635\u064a\u0629 (\u201cKVKK\u201d)\u060c \u0628\u0635\u0641\u062a\u0646\u0627 \u0634\u0631\u0643\u0629 \u0631\u0648\u0645\u064a\u0627\u060c \u0641\u0625\u0646\u0646\u0627 \u0646\u0639\u0637\u064a \u0627\u0644\u0623\u0648\u0644\u0648\u064a\u0629 \u0644\u0623\u0645\u0646 \u0628\u064a\u0627\u0646\u0627\u062a\u0643 \u0627\u0644\u0634\u062e\u0635\u064a\u0629.<\/p>\n<p data-start=\"1230\" data-end=\"1457\"><strong data-start=\"1230\" data-end=\"1249\">\u0645\u0631\u0627\u0642\u0628 \u0627\u0644\u0628\u064a\u0627\u0646\u0627\u062a:<\/strong><br data-start=\"1249\" data-end=\"1252\" \/>\u062a\u062a\u0645 \u0645\u0639\u0627\u0644\u062c\u0629 \u0627\u0644\u0628\u064a\u0627\u0646\u0627\u062a \u0627\u0644\u0634\u062e\u0635\u064a\u0629 \u0627\u0644\u062a\u064a \u062a\u0634\u0627\u0631\u0643\u0647\u0627 \u0645\u0646 \u062e\u0644\u0627\u0644 \u0642\u0646\u0648\u0627\u062a \u0645\u062b\u0644 \u0646\u0645\u0648\u0630\u062c \u0627\u0644\u0627\u062a\u0635\u0627\u0644 \u0648\u0637\u0644\u0628\u0627\u062a \u0627\u0644\u0639\u0631\u0648\u0636 \u0648\u0627\u0644\u0645\u0628\u064a\u0639\u0627\u062a \u0648\u062e\u062f\u0645\u0627\u062a \u0645\u0627 \u0628\u0639\u062f \u0627\u0644\u0628\u064a\u0639 \u0645\u0646 \u0642\u0650\u0628\u0644 \u0634\u0631\u0643\u0627\u062a\u0646\u0627 \u0627\u0644\u0639\u0627\u0645\u0644\u0629 \u062a\u062d\u062a \u0627\u0644\u0639\u0644\u0627\u0645\u0629 \u0627\u0644\u062a\u062c\u0627\u0631\u064a\u0629 \u0631\u0648\u0645\u064a\u0627.<\/p>\n<p data-start=\"1459\" data-end=\"1509\"><strong data-start=\"1459\" data-end=\"1507\">\u0644\u0623\u064a \u0623\u063a\u0631\u0627\u0636 \u062a\u062a\u0645 \u0645\u0639\u0627\u0644\u062c\u0629 \u0628\u064a\u0627\u0646\u0627\u062a\u0643 \u0627\u0644\u0634\u062e\u0635\u064a\u0629\u061f<\/strong><\/p>\n<ul data-start=\"1510\" data-end=\"1700\">\n<li data-start=\"1510\" data-end=\"1557\">\n<p data-start=\"1512\" data-end=\"1557\">\u062a\u0642\u062f\u064a\u0645 \u062e\u062f\u0645\u0627\u062a\u0646\u0627 \u0648\u062a\u0637\u0648\u064a\u0631\u0647\u0627<\/p>\n<\/li>\n<li data-start=\"1558\" data-end=\"1602\">\n<p data-start=\"1560\" data-end=\"1602\">\u0627\u0644\u0627\u0633\u062a\u062c\u0627\u0628\u0629 \u0644\u0637\u0644\u0628\u0627\u062a\u0643 \u0648\u0634\u0643\u0627\u0648\u0627\u0643<\/p>\n<\/li>\n<li data-start=\"1603\" data-end=\"1647\">\n<p data-start=\"1605\" data-end=\"1647\">\u0627\u0644\u0648\u0641\u0627\u0621 \u0628\u0627\u0644\u0627\u0644\u062a\u0632\u0627\u0645\u0627\u062a \u0627\u0644\u0642\u0627\u0646\u0648\u0646\u064a\u0629<\/p>\n<\/li>\n<li data-start=\"1648\" data-end=\"1700\">\n<p data-start=\"1650\" data-end=\"1700\">\u0627\u0644\u062a\u0648\u0627\u0635\u0644 \u0644\u0644\u0623\u063a\u0631\u0627\u0636 \u0627\u0644\u062a\u0631\u0648\u064a\u062c\u064a\u0629 \u0648\u0627\u0644\u062d\u0645\u0644\u0627\u062a \u0648\u0627\u0644\u0625\u0639\u0644\u0627\u0645\u064a\u0629<\/p>\n<\/li>\n<\/ul>\n<p data-start=\"1702\" data-end=\"1905\"><strong data-start=\"1702\" data-end=\"1717\">\u062d\u0642\u0648\u0642\u0643<\/strong><br data-start=\"1717\" data-end=\"1720\" \/>\u0648\u0641\u0642\u064b\u0627 \u0644\u0642\u0627\u0646\u0648\u0646 KVKKK\u060c \u064a\u062d\u0642 \u0644\u0643 \u0627\u0644\u0648\u0635\u0648\u0644 \u0625\u0644\u0649 \u0628\u064a\u0627\u0646\u0627\u062a\u0643 \u0627\u0644\u0634\u062e\u0635\u064a\u0629 \u0648\u062a\u0635\u062d\u064a\u062d\u0647\u0627 \u0648\u0637\u0644\u0628 \u062d\u0630\u0641\u0647\u0627 \u0648\u0627\u0644\u0627\u0639\u062a\u0631\u0627\u0636 \u0639\u0644\u0649 \u0645\u0639\u0627\u0644\u062c\u0629 \u0628\u064a\u0627\u0646\u0627\u062a\u0643 \u0627\u0644\u0634\u062e\u0635\u064a\u0629. \u062c\u0645\u064a\u0639 \u0637\u0644\u0628\u0627\u062a\u0643 <a class=\"cursor-pointer\" rel=\"noopener\" data-start=\"1864\" data-end=\"1879\">info@roomiahouse.com.tr<\/a>\u00a0\u064a\u0645\u0643\u0646\u0643 \u0625\u0631\u0633\u0627\u0644 \u0627\u0633\u062a\u0641\u0633\u0627\u0631\u0643 \u0625\u0644\u0649.<\/p>\t\t\t\t\t\t\t\t<\/div>\n\t\t\t\t<\/div>\n\t\t\t\t\t<\/div>\n\t\t\t\t<\/div>\n\t\t<div class=\"elementor-element elementor-element-0429c25 e-flex e-con-boxed e-con e-parent\" data-id=\"0429c25\" data-element_type=\"container\" data-e-type=\"container\" id=\"cerez\">\n\t\t\t\t\t<div class=\"e-con-inner\">\n\t\t\t\t<div class=\"elementor-element elementor-element-896fe04 elementor-widget elementor-widget-heading\" data-id=\"896fe04\" data-element_type=\"widget\" data-e-type=\"widget\" data-widget_type=\"heading.default\">\n\t\t\t\t<div class=\"elementor-widget-container\">\n\t\t\t\t\t<h2 class=\"elementor-heading-title elementor-size-default\">\u0633\u064a\u0627\u0633\u0629 \u0645\u0644\u0641\u0627\u062a \u062a\u0639\u0631\u064a\u0641 \u0627\u0644\u0627\u0631\u062a\u0628\u0627\u0637<\/h2>\t\t\t\t<\/div>\n\t\t\t\t<\/div>\n\t\t\t\t<div class=\"elementor-element elementor-element-87762e1 elementor-widget elementor-widget-text-editor\" data-id=\"87762e1\" data-element_type=\"widget\" data-e-type=\"widget\" data-widget_type=\"text-editor.default\">\n\t\t\t\t<div class=\"elementor-widget-container\">\n\t\t\t\t\t\t\t\t\t<p data-start=\"1941\" data-end=\"2077\">\u064a\u0633\u062a\u062e\u062f\u0645 \u0645\u0648\u0642\u0639 \u0631\u0648\u0645\u064a\u0627 \u0627\u0644\u0625\u0644\u0643\u062a\u0631\u0648\u0646\u064a \u062a\u0642\u0646\u064a\u0629 \u0645\u0644\u0641\u0627\u062a \u062a\u0639\u0631\u064a\u0641 \u0627\u0644\u0627\u0631\u062a\u0628\u0627\u0637 \u0644\u062a\u062d\u0633\u064a\u0646 \u062a\u062c\u0631\u0628\u0629 \u0627\u0644\u0645\u0633\u062a\u062e\u062f\u0645 \u0648\u0632\u064a\u0627\u062f\u0629 \u062c\u0648\u062f\u0629 \u0627\u0644\u062e\u062f\u0645\u0629.<\/p>\n<p data-start=\"2079\" data-end=\"2218\"><strong data-start=\"2079\" data-end=\"2095\">\u0645\u0627 \u0647\u0648 \u0627\u0644\u0628\u0633\u0643\u0648\u064a\u062a\u061f<\/strong><br data-start=\"2095\" data-end=\"2098\" \/>\u0645\u0644\u0641\u0627\u062a \u062a\u0639\u0631\u064a\u0641 \u0627\u0644\u0627\u0631\u062a\u0628\u0627\u0637 \u0647\u064a \u0645\u0644\u0641\u0627\u062a \u0646\u0635\u064a\u0629 \u0635\u063a\u064a\u0631\u0629 \u064a\u062a\u0645 \u062d\u0641\u0638\u0647\u0627 \u0639\u0644\u0649 \u062c\u0647\u0627\u0632 \u0627\u0644\u0643\u0645\u0628\u064a\u0648\u062a\u0631 \u0627\u0644\u062e\u0627\u0635 \u0628\u0643 \u0639\u0628\u0631 \u0645\u062a\u0635\u0641\u062d\u0643 \u0639\u0646\u062f\u0645\u0627 \u062a\u0632\u0648\u0631 \u0645\u0648\u0642\u0639\u0646\u0627 \u0627\u0644\u0625\u0644\u0643\u062a\u0631\u0648\u0646\u064a.<\/p>\n<p data-start=\"2220\" data-end=\"2259\"><strong data-start=\"2220\" data-end=\"2257\">\u0645\u0627 \u0647\u064a \u0623\u0646\u0648\u0627\u0639 \u0645\u0644\u0641\u0627\u062a \u062a\u0639\u0631\u064a\u0641 \u0627\u0644\u0627\u0631\u062a\u0628\u0627\u0637 \u0627\u0644\u062a\u064a \u0646\u0633\u062a\u062e\u062f\u0645\u0647\u0627\u061f<\/strong><\/p>\n<ul data-start=\"2260\" data-end=\"2501\">\n<li data-start=\"2260\" data-end=\"2333\">\n<p data-start=\"2262\" data-end=\"2333\"><strong data-start=\"2262\" data-end=\"2283\">\u0645\u0644\u0641\u0627\u062a \u062a\u0639\u0631\u064a\u0641 \u0627\u0644\u0627\u0631\u062a\u0628\u0627\u0637 \u0627\u0644\u0625\u0644\u0632\u0627\u0645\u064a\u0629:<\/strong> \u0645\u0646 \u0627\u0644\u0636\u0631\u0648\u0631\u064a \u0623\u0646 \u064a\u0639\u0645\u0644 \u0627\u0644\u0645\u0648\u0642\u0639 \u0627\u0644\u0625\u0644\u0643\u062a\u0631\u0648\u0646\u064a \u0628\u0634\u0643\u0644 \u0635\u062d\u064a\u062d.<\/p>\n<\/li>\n<li data-start=\"2334\" data-end=\"2410\">\n<p data-start=\"2336\" data-end=\"2410\"><strong data-start=\"2336\" data-end=\"2363\">\u0645\u0644\u0641\u0627\u062a \u062a\u0639\u0631\u064a\u0641 \u0627\u0644\u0627\u0631\u062a\u0628\u0627\u0637 \u0627\u0644\u0625\u062d\u0635\u0627\u0626\u064a\u0629:<\/strong> \u064a\u062a\u0645 \u0627\u0633\u062a\u062e\u062f\u0627\u0645\u0647 \u0644\u062a\u062d\u0644\u064a\u0644 \u062d\u0631\u0643\u0629 \u0645\u0631\u0648\u0631 \u0627\u0644\u0645\u0648\u0642\u0639.<\/p>\n<\/li>\n<li data-start=\"2411\" data-end=\"2501\">\n<p data-start=\"2413\" data-end=\"2501\"><strong data-start=\"2413\" data-end=\"2437\">\u0645\u0644\u0641\u0627\u062a \u062a\u0639\u0631\u064a\u0641 \u0627\u0644\u0627\u0631\u062a\u0628\u0627\u0637 \u0627\u0644\u062a\u0633\u0648\u064a\u0642\u064a\u0629:<\/strong> \u064a\u062a\u0645 \u0627\u0633\u062a\u062e\u062f\u0627\u0645\u0647 \u0644\u062a\u0642\u062f\u064a\u0645 \u0627\u0644\u0645\u062d\u062a\u0648\u0649 \u0648\u0627\u0644\u0625\u0639\u0644\u0627\u0646\u0627\u062a \u0628\u0646\u0627\u0621\u064b \u0639\u0644\u0649 \u0627\u0647\u062a\u0645\u0627\u0645\u0627\u062a\u0643.<\/p>\n<\/li>\n<\/ul>\n<p data-start=\"2503\" data-end=\"2712\"><strong data-start=\"2503\" data-end=\"2545\">\u0643\u064a\u0641 \u064a\u0645\u0643\u0646\u0643 \u0627\u0644\u062a\u062d\u0643\u0645 \u0641\u064a \u0645\u0644\u0641\u0627\u062a \u062a\u0639\u0631\u064a\u0641 \u0627\u0644\u0627\u0631\u062a\u0628\u0627\u0637\u061f<\/strong><br data-start=\"2545\" data-end=\"2548\" \/>\u064a\u0645\u0643\u0646\u0643 \u062d\u0638\u0631 \u0645\u0644\u0641\u0627\u062a \u062a\u0639\u0631\u064a\u0641 \u0627\u0644\u0627\u0631\u062a\u0628\u0627\u0637 \u0623\u0648 \u062d\u0630\u0641\u0647\u0627 \u0645\u0646 \u0625\u0639\u062f\u0627\u062f\u0627\u062a \u0627\u0644\u0645\u062a\u0635\u0641\u062d \u0627\u0644\u062e\u0627\u0635 \u0628\u0643. \u0648\u0645\u0639 \u0630\u0644\u0643\u060c \u0641\u0625\u0646 \u062a\u0639\u0637\u064a\u0644 \u0628\u0639\u0636 \u0645\u0644\u0641\u0627\u062a \u062a\u0639\u0631\u064a\u0641 \u0627\u0644\u0627\u0631\u062a\u0628\u0627\u0637 \u0642\u062f \u064a\u0645\u0646\u0639 \u0645\u0648\u0642\u0639\u0646\u0627 \u0627\u0644\u0625\u0644\u0643\u062a\u0631\u0648\u0646\u064a \u0645\u0646 \u0627\u0644\u0639\u0645\u0644 \u0628\u0634\u0643\u0644 \u0635\u062d\u064a\u062d.<\/p>\t\t\t\t\t\t\t\t<\/div>\n\t\t\t\t<\/div>\n\t\t\t\t\t<\/div>\n\t\t\t\t<\/div>\n\t\t\t\t<\/div>","protected":false},"excerpt":{"rendered":"<p>Faydal\u0131 Ba\u011flant\u0131lar Gizlilik Politikas\u0131 Roomia olarak, ziyaret\u00e7ilerimizin gizlili\u011fini \u00f6nemsiyoruz. Bu Gizlilik Politikas\u0131, web sitemizi ziyaret etti\u011finizde hangi bilgileri toplad\u0131\u011f\u0131m\u0131z\u0131, bu bilgileri nas\u0131l kulland\u0131\u011f\u0131m\u0131z\u0131 ve korudu\u011fumuzu a\u00e7\u0131klamaktad\u0131r.<span class=\"excerpt-hellip\"> [\u2026]<\/span><\/p>\n","protected":false},"author":1,"featured_media":0,"parent":0,"menu_order":0,"comment_status":"closed","ping_status":"closed","template":"","meta":{"footnotes":""},"class_list":["post-3","page","type-page","status-publish","hentry"],"_links":{"self":[{"href":"https:\/\/roomiahouse.com.tr\/ar\/wp-json\/wp\/v2\/pages\/3","targetHints":{"allow":["GET"]}}],"collection":[{"href":"https:\/\/roomiahouse.com.tr\/ar\/wp-json\/wp\/v2\/pages"}],"about":[{"href":"https:\/\/roomiahouse.com.tr\/ar\/wp-json\/wp\/v2\/types\/page"}],"author":[{"embeddable":true,"href":"https:\/\/roomiahouse.com.tr\/ar\/wp-json\/wp\/v2\/users\/1"}],"replies":[{"embeddable":true,"href":"https:\/\/roomiahouse.com.tr\/ar\/wp-json\/wp\/v2\/comments?post=3"}],"version-history":[{"count":8,"href":"https:\/\/roomiahouse.com.tr\/ar\/wp-json\/wp\/v2\/pages\/3\/revisions"}],"predecessor-version":[{"id":679,"href":"https:\/\/roomiahouse.com.tr\/ar\/wp-json\/wp\/v2\/pages\/3\/revisions\/679"}],"wp:attachment":[{"href":"https:\/\/roomiahouse.com.tr\/ar\/wp-json\/wp\/v2\/media?parent=3"}],"curies":[{"name":"wp","href":"https:\/\/api.w.org\/{rel}","templated":true}]}}